{"id":48846,"date":"2023-06-13T22:10:03","date_gmt":"2023-06-14T02:10:03","guid":{"rendered":"https:\/\/ehrc-rebuild.paperleaftest.com\/get-the-electricity-competency-software\/"},"modified":"2023-08-16T12:06:55","modified_gmt":"2023-08-16T18:06:55","slug":"get-the-electricity-competency-software","status":"publish","type":"page","link":"https:\/\/ehrc.ca\/fr\/competences\/get-the-electricity-competency-software\/","title":{"rendered":"Le r\u00e9f\u00e9rentiel de comp\u00e9tences en \u00e9lectricit\u00e9"},"content":{"rendered":"","protected":false},"excerpt":{"rendered":"","protected":false},"author":3,"featured_media":0,"parent":48966,"menu_order":0,"comment_status":"closed","ping_status":"closed","template":"page-without-sidebar.php","meta":{"_acf_changed":false,"_relevanssi_hide_post":"","_relevanssi_hide_content":"","_relevanssi_pin_for_all":"","_relevanssi_pin_keywords":"","_relevanssi_unpin_keywords":"","_relevanssi_related_keywords":"","_relevanssi_related_include_ids":"","_relevanssi_related_exclude_ids":"","_relevanssi_related_no_append":"","_relevanssi_related_not_related":"","_relevanssi_related_posts":"","_relevanssi_noindex_reason":"","footnotes":""},"categories":[],"class_list":["post-48846","page","type-page","status-publish","hentry"],"acf":{"page_header":{"":null,"description":"Pr\u00eat\u00b7e \u00e0 lib\u00e9rer la puissance du r\u00e9f\u00e9rentiel de comp\u00e9tences en \u00e9lectricit\u00e9?","link":null,"image_id":43357,"image_alt_text":"Collage graphique avec des formes primaires en vert clair, orange et turquoise avec 2 employ\u00e9es \u00e9lectriques souriantes"},"pagebuilder":[{"acf_fc_layout":"content_block","background_colour":"--ehrc-white","heading":"Contactez-nous pour en savoir plus!","description":"","rows":[{"acf_fc_layout":"two_columns","column_1":{"type":"image","content":"[gravityform id=\"8\" title=\"false\" description=\"true\"]","aspect_ratio":"4_3","visual_accent":true,"":null,"image_id":45953,"image_alt_text":" Une travailleuse au t\u00e9l\u00e9phone avec son client"},"column_2":{"type":"text","content":"[gravityform id=\"9\" title=\"false\" description=\"true\"]","aspect_ratio":"4_3","visual_accent":true,"":null,"image_id":45591,"image_alt_text":"Asian female engineer wear yellow safety hard hat standing and holding blueprint while checking infrastructure"}}],"custom_navigation_label":"Nous contacter"}]},"yoast_head":"<!-- This site is optimized with the Yoast SEO plugin v27.3 - https:\/\/yoast.com\/product\/yoast-seo-wordpress\/ -->\n<title>Le r\u00e9f\u00e9rentiel de comp\u00e9tences en \u00e9lectricit\u00e9 - Electricity Human Resources Canada<\/title>\n<meta name=\"description\" content=\"Pr\u00eat\u00b7e \u00e0 lib\u00e9rer la puissance du r\u00e9f\u00e9rentiel de comp\u00e9tences en \u00e9lectricit\u00e9?\" \/>\n<meta name=\"robots\" content=\"index, follow, max-snippet:-1, max-image-preview:large, max-video-preview:-1\" \/>\n<link rel=\"canonical\" href=\"https:\/\/ehrc.ca\/fr\/competences\/get-the-electricity-competency-software\/\" \/>\n<meta property=\"og:locale\" content=\"fr_FR\" \/>\n<meta property=\"og:type\" content=\"article\" \/>\n<meta property=\"og:title\" content=\"Le r\u00e9f\u00e9rentiel de comp\u00e9tences en \u00e9lectricit\u00e9 - Electricity Human Resources Canada\" \/>\n<meta property=\"og:description\" content=\"Pr\u00eat\u00b7e \u00e0 lib\u00e9rer la puissance du r\u00e9f\u00e9rentiel de comp\u00e9tences en \u00e9lectricit\u00e9?\" \/>\n<meta property=\"og:url\" content=\"https:\/\/ehrc.ca\/fr\/competences\/get-the-electricity-competency-software\/\" \/>\n<meta property=\"og:site_name\" content=\"Electricity Human Resources Canada\" \/>\n<meta property=\"article:modified_time\" content=\"2023-08-16T18:06:55+00:00\" \/>\n<meta name=\"twitter:card\" content=\"summary_large_image\" \/>\n<script type=\"application\/ld+json\" class=\"yoast-schema-graph\">{\"@context\":\"https:\\\/\\\/schema.org\",\"@graph\":[{\"@type\":\"WebPage\",\"@id\":\"https:\\\/\\\/ehrc.ca\\\/fr\\\/competences\\\/get-the-electricity-competency-software\\\/\",\"url\":\"https:\\\/\\\/ehrc.ca\\\/fr\\\/competences\\\/get-the-electricity-competency-software\\\/\",\"name\":\"Le r\u00e9f\u00e9rentiel de comp\u00e9tences en \u00e9lectricit\u00e9 - Electricity Human Resources Canada\",\"isPartOf\":{\"@id\":\"https:\\\/\\\/ehrc.ca\\\/#website\"},\"datePublished\":\"2023-06-14T02:10:03+00:00\",\"dateModified\":\"2023-08-16T18:06:55+00:00\",\"breadcrumb\":{\"@id\":\"https:\\\/\\\/ehrc.ca\\\/fr\\\/competences\\\/get-the-electricity-competency-software\\\/#breadcrumb\"},\"inLanguage\":\"fr-FR\",\"potentialAction\":[{\"@type\":\"ReadAction\",\"target\":[\"https:\\\/\\\/ehrc.ca\\\/fr\\\/competences\\\/get-the-electricity-competency-software\\\/\"]}]},{\"@type\":\"BreadcrumbList\",\"@id\":\"https:\\\/\\\/ehrc.ca\\\/fr\\\/competences\\\/get-the-electricity-competency-software\\\/#breadcrumb\",\"itemListElement\":[{\"@type\":\"ListItem\",\"position\":1,\"name\":\"Home\",\"item\":\"https:\\\/\\\/ehrc.ca\\\/fr\\\/home\\\/\"},{\"@type\":\"ListItem\",\"position\":2,\"name\":\"Cadre de comp\u00e9tences en \u00e9lectricit\u00e9\",\"item\":\"https:\\\/\\\/ehrc.ca\\\/fr\\\/competences\\\/\"},{\"@type\":\"ListItem\",\"position\":3,\"name\":\"Le r\u00e9f\u00e9rentiel de comp\u00e9tences en \u00e9lectricit\u00e9\"}]},{\"@type\":\"WebSite\",\"@id\":\"https:\\\/\\\/ehrc.ca\\\/#website\",\"url\":\"https:\\\/\\\/ehrc.ca\\\/\",\"name\":\"Electricity Human Resources Canada\",\"description\":\"Improving our industry, together.\",\"potentialAction\":[{\"@type\":\"SearchAction\",\"target\":{\"@type\":\"EntryPoint\",\"urlTemplate\":\"https:\\\/\\\/ehrc.ca\\\/?s={search_term_string}\"},\"query-input\":{\"@type\":\"PropertyValueSpecification\",\"valueRequired\":true,\"valueName\":\"search_term_string\"}}],\"inLanguage\":\"fr-FR\"}]}<\/script>\n<!-- \/ Yoast SEO plugin. -->","yoast_head_json":{"title":"Le r\u00e9f\u00e9rentiel de comp\u00e9tences en \u00e9lectricit\u00e9 - Electricity Human Resources Canada","description":"Pr\u00eat\u00b7e \u00e0 lib\u00e9rer la puissance du r\u00e9f\u00e9rentiel de comp\u00e9tences en \u00e9lectricit\u00e9?","robots":{"index":"index","follow":"follow","max-snippet":"max-snippet:-1","max-image-preview":"max-image-preview:large","max-video-preview":"max-video-preview:-1"},"canonical":"https:\/\/ehrc.ca\/fr\/competences\/get-the-electricity-competency-software\/","og_locale":"fr_FR","og_type":"article","og_title":"Le r\u00e9f\u00e9rentiel de comp\u00e9tences en \u00e9lectricit\u00e9 - Electricity Human Resources Canada","og_description":"Pr\u00eat\u00b7e \u00e0 lib\u00e9rer la puissance du r\u00e9f\u00e9rentiel de comp\u00e9tences en \u00e9lectricit\u00e9?","og_url":"https:\/\/ehrc.ca\/fr\/competences\/get-the-electricity-competency-software\/","og_site_name":"Electricity Human Resources Canada","article_modified_time":"2023-08-16T18:06:55+00:00","twitter_card":"summary_large_image","schema":{"@context":"https:\/\/schema.org","@graph":[{"@type":"WebPage","@id":"https:\/\/ehrc.ca\/fr\/competences\/get-the-electricity-competency-software\/","url":"https:\/\/ehrc.ca\/fr\/competences\/get-the-electricity-competency-software\/","name":"Le r\u00e9f\u00e9rentiel de comp\u00e9tences en \u00e9lectricit\u00e9 - Electricity Human Resources Canada","isPartOf":{"@id":"https:\/\/ehrc.ca\/#website"},"datePublished":"2023-06-14T02:10:03+00:00","dateModified":"2023-08-16T18:06:55+00:00","breadcrumb":{"@id":"https:\/\/ehrc.ca\/fr\/competences\/get-the-electricity-competency-software\/#breadcrumb"},"inLanguage":"fr-FR","potentialAction":[{"@type":"ReadAction","target":["https:\/\/ehrc.ca\/fr\/competences\/get-the-electricity-competency-software\/"]}]},{"@type":"BreadcrumbList","@id":"https:\/\/ehrc.ca\/fr\/competences\/get-the-electricity-competency-software\/#breadcrumb","itemListElement":[{"@type":"ListItem","position":1,"name":"Home","item":"https:\/\/ehrc.ca\/fr\/home\/"},{"@type":"ListItem","position":2,"name":"Cadre de comp\u00e9tences en \u00e9lectricit\u00e9","item":"https:\/\/ehrc.ca\/fr\/competences\/"},{"@type":"ListItem","position":3,"name":"Le r\u00e9f\u00e9rentiel de comp\u00e9tences en \u00e9lectricit\u00e9"}]},{"@type":"WebSite","@id":"https:\/\/ehrc.ca\/#website","url":"https:\/\/ehrc.ca\/","name":"Electricity Human Resources Canada","description":"Improving our industry, together.","potentialAction":[{"@type":"SearchAction","target":{"@type":"EntryPoint","urlTemplate":"https:\/\/ehrc.ca\/?s={search_term_string}"},"query-input":{"@type":"PropertyValueSpecification","valueRequired":true,"valueName":"search_term_string"}}],"inLanguage":"fr-FR"}]}},"_links":{"self":[{"href":"https:\/\/ehrc.ca\/fr\/wp-json\/wp\/v2\/pages\/48846","targetHints":{"allow":["GET"]}}],"collection":[{"href":"https:\/\/ehrc.ca\/fr\/wp-json\/wp\/v2\/pages"}],"about":[{"href":"https:\/\/ehrc.ca\/fr\/wp-json\/wp\/v2\/types\/page"}],"author":[{"embeddable":true,"href":"https:\/\/ehrc.ca\/fr\/wp-json\/wp\/v2\/users\/3"}],"replies":[{"embeddable":true,"href":"https:\/\/ehrc.ca\/fr\/wp-json\/wp\/v2\/comments?post=48846"}],"version-history":[{"count":0,"href":"https:\/\/ehrc.ca\/fr\/wp-json\/wp\/v2\/pages\/48846\/revisions"}],"up":[{"embeddable":true,"href":"https:\/\/ehrc.ca\/fr\/wp-json\/wp\/v2\/pages\/48966"}],"wp:attachment":[{"href":"https:\/\/ehrc.ca\/fr\/wp-json\/wp\/v2\/media?parent=48846"}],"wp:term":[{"taxonomy":"category","embeddable":true,"href":"https:\/\/ehrc.ca\/fr\/wp-json\/wp\/v2\/categories?post=48846"}],"curies":[{"name":"wp","href":"https:\/\/api.w.org\/{rel}","templated":true}]}}