{"id":48804,"date":"2023-03-31T15:43:44","date_gmt":"2023-03-31T19:43:44","guid":{"rendered":"https:\/\/ehrc-rebuild.paperleaftest.com\/memberships\/"},"modified":"2026-03-18T10:10:41","modified_gmt":"2026-03-18T14:10:41","slug":"adhesion","status":"publish","type":"page","link":"https:\/\/ehrc.ca\/fr\/adhesion\/","title":{"rendered":"Adh\u00e9sion \u00e0 RHIEC"},"content":{"rendered":"","protected":false},"excerpt":{"rendered":"","protected":false},"author":3,"featured_media":0,"parent":0,"menu_order":0,"comment_status":"closed","ping_status":"closed","template":"page-without-sidebar.php","meta":{"_acf_changed":false,"_relevanssi_hide_post":"","_relevanssi_hide_content":"","_relevanssi_pin_for_all":"","_relevanssi_pin_keywords":"","_relevanssi_unpin_keywords":"","_relevanssi_related_keywords":"","_relevanssi_related_include_ids":"","_relevanssi_related_exclude_ids":"","_relevanssi_related_no_append":"","_relevanssi_related_not_related":"","_relevanssi_related_posts":"","_relevanssi_noindex_reason":"","footnotes":""},"categories":[198],"class_list":["post-48804","page","type-page","status-publish","hentry","category-get-involved-fr"],"acf":{"page_header":{"":null,"description":"RHIEC est la source la plus fiable d\u2019informations objectives sur les ressources humaines du secteur canadien de l\u2019\u00e9lectricit\u00e9.","link":null,"image_id":44640,"image_alt_text":"Diverse group of people mingling at a business event"},"pagebuilder":[{"acf_fc_layout":"content_block","background_colour":"--ehrc-light-grey","heading":"Devenir membre","description":"","rows":[{"acf_fc_layout":"two_columns","column_1":{"type":"text","content":"<h3>Les membres de la RHIEC sont au c\u0153ur de notre travail.<\/h3>\r\n<p data-pm-slice=\"1 1 [&quot;list&quot;,{},&quot;list_item&quot;,{&quot;indent&quot;:1,&quot;type&quot;:&quot;numbered&quot;}]\">Les membres du RHIEC sont des partenaires de l'industrie issus du monde des affaires, des gouvernements, des universit\u00e9s et des syndicats. Bien que les avantages d'une adh\u00e9sion au RHIEC varient d'une organisation \u00e0 l'autre, la constante est l'acc\u00e8s aux informations du secteur et la participation \u00e0 la d\u00e9finition de l'orientation des projets et des programmes partin de recherche pour le secteur.<\/p>\r\n<p data-pm-slice=\"1 1 [&quot;list&quot;,{},&quot;list_item&quot;,{&quot;indent&quot;:1,&quot;type&quot;:&quot;numbered&quot;}]\">Toutes les priorit\u00e9s et politiques du RHIEC sont \u00e9tablies et orient\u00e9es en r\u00e9ponse aux besoins et pr\u00e9occupations de nos membres, alors que nous travaillons ensemble \u00e0 la cr\u00e9ation d'une main-d'\u0153uvre de classe mondiale dans le secteur de l'\u00e9lectricit\u00e9.<\/p>","aspect_ratio":"4:3","visual_accent":false,"":null,"image_id":null,"image_alt_text":""},"column_2":{"type":"text","content":"<h3>Une adh\u00e9sion avantageuse pour votre organisation<\/h3>\r\n<ul>\r\n \t<li>Soutien des organisations syndicales, des employeur\u00b7euse\u00b7s et des \u00e9tablissements d\u2019enseignement.<\/li>\r\n \t<li>Acc\u00e8s \u00e0 des ressources\u00a0et des outils\u00a0de pointe, valid\u00e9s par l\u2019industrie, pour la planification et le d\u00e9veloppement de la main-d\u2019\u0153uvre.<\/li>\r\n \t<li>Invitations \u00e0 des tables rondes nationales, r\u00e9gionales et r\u00e9serv\u00e9es aux membres afin de discuter des pr\u00e9occupations au sein du secteur et d\u2019am\u00e9liorer les programmes offerts.<\/li>\r\n \t<li>Rabais ainsi que possibilit\u00e9s de valorisation de la marque et d\u2019intervention dans le cadre de divers \u00e9v\u00e9nements organis\u00e9s par RHIEC et collaborations.<\/li>\r\n<\/ul>\r\n<strong>Pour commencer, communiquez avec notre \u00e9quipe \u00e0 <a href=\"mailto:info@ehrc.ca\" target=\"_blank\" rel=\"noopener\">info@ehrc.ca<\/a>.<\/strong>","aspect_ratio":"4:3","visual_accent":false,"":null,"image_id":null,"image_alt_text":""}}],"custom_navigation_label":"something"},{"acf_fc_layout":"content_block","background_colour":"--ehrc-white","heading":"Autres avantages pour les membres","description":"Ressources humaines, industrie \u00e9lectrique du Canada (RHIEC) existe bien s\u00fbr pour soutenir le secteur de l\u2019\u00e9lectricit\u00e9 et toutes ses parties prenantes, mais elle existe surtout gr\u00e2ce \u00e0 ses membres. Pour les remercier de leur soutien, RHIEC offre \u00e0 ses membres un certain nombre d\u2019avantages\u00a0:","rows":[{"acf_fc_layout":"two_columns","column_1":{"type":"text","content":"<h4>Adh\u00e9sion d\u2019un an<\/h4>\r\n<ul>\r\n \t<li>Les membres qui s\u2019engagent pour un an verront leur nom figurer sur la page des membres de RHIEC, auront un profil sur nos canaux de communication, profiteront d\u2019un tarif sp\u00e9cial pour participer \u00e0 nos \u00e9v\u00e9nements, acc\u00e9deront gratuitement \u00e0 tous nos webinaires, seront invit\u00e9\u00b7e\u00b7s \u00e0 participer aux recherches et aux consultations, et recevront un rabais de 50 % sur tous les rapports de recherche relatifs \u00e0 l\u2019information sur le march\u00e9 du travail (IMT).<\/li>\r\n<\/ul>\r\n<h4>Adh\u00e9sion de trois ans<\/h4>\r\n<ul>\r\n \t<li>En plus de tous les avantages offerts aux membres qui s\u2019engagent pour un an, les membres qui s\u2019engagent pour trois ans b\u00e9n\u00e9ficieront des premi\u00e8res options quant aux possibilit\u00e9s de commandite, d\u2019une reconnaissance soulign\u00e9e lors des \u00e9v\u00e9nements et du Gala de remise de prix de RHIEC, et d\u2019un acc\u00e8s gratuit aux recherches, aux webinaires et autres ressources.<\/li>\r\n<\/ul>","aspect_ratio":"4:3","visual_accent":false,"":null,"image_id":null,"image_alt_text":""},"column_2":{"type":"image","content":"","aspect_ratio":"4_3","visual_accent":true,"":null,"image_id":44465,"image_alt_text":"Professional Meeting"}}],"custom_navigation_label":"Something"},{"acf_fc_layout":"columned_icon_cards","heading":"Autres avantages de l\u2019adh\u00e9sion","description":"En plus d\u2019avoir acc\u00e8s \u00e0 plusieurs ressources, programmes et mesures de soutien, les membres de RHIEC peuvent b\u00e9n\u00e9ficier d\u2019un large \u00e9ventail d\u2019avantages visant \u00e0 favoriser l\u2019\u00e9panouissement du personnel et \u00e0 accro\u00eetre les capacit\u00e9s des RH.","link":"","icon_rows":[{"icon_cards":[{"image_id":43318,"image_alt_text":"headversity logo","image_size":"small","heading":"headversity","content":"Principal fournisseur de services de sant\u00e9 mentale pr\u00e9ventifs pour les employeur\u00b7euse\u00b7s.\r\n\r\n<strong>Les membres de RHIEC profitent d\u2019un rabais de 10 % sur l\u2019inscription aux programmes de headversity.<\/strong>","link":{"title":"En savoir plus sur headversity","url":"https:\/\/headversity.com\/","target":"_blank"},"custom_navigation_label":""},{"image_id":43320,"image_alt_text":"Perkopolis logo","image_size":"small","heading":"Perkopolis","content":"Principal fournisseur canadien de programmes d\u2019avantages enti\u00e8rement g\u00e9r\u00e9s, utilis\u00e9 par plus de 2\u2009000 organisations partout au Canada.","link":{"title":"En savoir plus sur Perkopolis","url":"https:\/\/www.perkopolis.com\/","target":"_blank"},"custom_navigation_label":""},{"image_id":43323,"image_alt_text":"Anytime Fitness logo","image_size":"small","heading":"Anytime Fitness","content":"Plus grande franchise de conditionnement physique mixte au monde, de plus en plus populaire et ouverte en tout temps.\r\n\r\n<strong>Les membres de RHIEC et leur personnel profitent d\u2019un rabais de 10 % sur les frais mensuels de leur gym Anytime Fitness local et de 50 % sur les frais d\u2019inscription standard.<\/strong>","link":{"title":"En savoir plus sur Anytime Fitness","url":"https:\/\/www.anytimefitness.com\/","target":"_blank"},"custom_navigation_label":""},{"image_id":43325,"image_alt_text":"White Ribbon logo","image_size":"small","heading":"White Ribbon","content":"Les ateliers de White Ribbon permettront aux participant\u00b7e\u00b7s de mieux comprendre les attentes et les normes en mati\u00e8re de genres, ainsi que d\u2019explorer des pratiques prometteuses visant la promotion de l\u2019inclusion et l\u2019\u00e9galit\u00e9 des genres.\r\n\r\n<strong>En plus des autres services, les membres de RHIEC profitent d\u2019un rabais d\u2019entreprise de 10 % sur les ateliers personnalis\u00e9s.<\/strong>","link":{"title":"En savoir plus sur White Ribbon","url":"https:\/\/www.whiteribbon.ca\/","target":"_blank"},"custom_navigation_label":""},{"image_id":44094,"image_alt_text":"Vision Wheel Marketing logo","image_size":"small","heading":"Vision Wheel Marketing","content":"Vision Wheel se consacre \u00e0 comprendre, \u00e0 r\u00e9sumer et \u00e0 vous aider \u00e0 g\u00e9rer la dynamique complexe permettant de contrer le d\u00e9sengagement. Proposez \u00e0 votre personnel divers ateliers virtuels (offerts en anglais), qui incluent des sujets comme la gestion des t\u00e9l\u00e9travailleur\u00b7euse\u00b7s, la gestion du temps, les r\u00e9unions efficaces et bien plus encore.\r\n\r\n<strong>Les membres de RHIEC profitent d\u2019un rabais de 10 % sur n\u2019importe lequel des ateliers con\u00e7us par cette entreprise innovatrice.<\/strong>","link":{"title":"En savoir plus sur Vision Wheel","url":"https:\/\/www.visionwheel.ca\/","target":"_blank"},"custom_navigation_label":""},{"image_id":44096,"image_alt_text":"Jam logo","image_size":"small","heading":"JAM \u2013 Activit\u00e9s virtuelles pour clubs social et sportif","content":"<div class=\"content\">\r\n\r\nJAM propose des activit\u00e9s d\u2019\u00e9quipe \u00e0 distance comme des jeux-questionnaires et du bingo, de m\u00eame que des chasses au tr\u00e9sor et des jeux d\u2019\u00e9vasion (aussi offerts dans un environnement virtuel). Puis, lors d\u2019\u00e9v\u00e9nements en personne, nous pourrons participer \u00e0 des aventures urbaines, des jeux ext\u00e9rieurs, des sorties en plein air, des ateliers de sports, des tournois et bien plus!\r\n\r\n<strong>Les membres de RHIEC profitent d\u2019un rabais de 10 % sur l\u2019inscription \u00e0 ces activit\u00e9s.<\/strong>\r\n\r\n<\/div>","link":{"title":"En savoir plus sur les \u00e9v\u00e9nements virtuels de Jam","url":"https:\/\/jamgroupevents.com\/","target":"_blank"},"custom_navigation_label":""},{"image_id":53741,"image_alt_text":"Balsam Icon","image_size":"small","heading":"Balsam Inc.","content":"Balsam Inc. (anciennement Indigenous Treaty Partners) offer robust Indigenous cultural training and consulting for all sizes of Organizations. Our lived Indigenous experience and perspective is woven into our approach to delivering effective and culturally appropriate outcomes, positioning organizations to become better allies.","link":{"title":"En savoir plus sur Indigenous Treaty Partners","url":"https:\/\/www.balsaminc.com\/","target":"_blank"},"custom_navigation_label":""}]}],"custom_navigation_label":"Something"},{"acf_fc_layout":"logo_garden","display_options":{"visible_sponsor_name":false,"descriptors":false,"links":false},"heading":"Membres","description":"Les membres de la RHIEC sont au c\u0153ur de notre travail.","rows":[{"acf_fc_layout":"four_columns","column_1":{"sponsor_name":"Alberta Electric System Operator","image_id":46174,"":null,"descriptor":"","link_url":""},"column_2":{"sponsor_name":"Alectra Utilities","image_id":42909,"":null,"descriptor":"","link_url":""},"column_3":{"sponsor_name":"ATCO ","image_id":53401,"":null,"descriptor":"","link_url":""},"column_4":{"sponsor_name":"Bruce Power","image_id":51391,"":null,"descriptor":"","link_url":""}},{"acf_fc_layout":"single_column","column_1":{"sponsor_name":"Burlington Hydro","image_id":43096,"":null,"descriptor":"","link_url":""}},{"acf_fc_layout":"single_column","column_1":{"sponsor_name":"Canadian Union of Skilled Workers","image_id":44066,"":null,"descriptor":"","link_url":""}},{"acf_fc_layout":"single_column","column_1":{"sponsor_name":"Electrical Safety Authority","image_id":43098,"":null,"descriptor":"","link_url":""}},{"acf_fc_layout":"four_columns","column_1":{"sponsor_name":"Elexicon Energy","image_id":53405,"":null,"descriptor":"","link_url":""},"column_2":{"sponsor_name":"Emera","image_id":50979,"":null,"descriptor":"","link_url":""},"column_3":{"sponsor_name":"Enercon","image_id":52357,"":null,"descriptor":"","link_url":""},"column_4":{"sponsor_name":"Essex Powerlines Corp.","image_id":53407,"":null,"descriptor":"","link_url":""}},{"acf_fc_layout":"four_columns","column_1":{"sponsor_name":"Georgian College","image_id":46310,"":null,"descriptor":"","link_url":""},"column_2":{"sponsor_name":"Growler Energy","image_id":43192,"":null,"descriptor":"","link_url":""},"column_3":{"sponsor_name":"Hydro One","image_id":52135,"":null,"descriptor":"","link_url":""},"column_4":{"sponsor_name":"Hydro Ottawa","image_id":45311,"":null,"descriptor":"","link_url":""}},{"acf_fc_layout":"four_columns","column_1":{"sponsor_name":"IBEW First District","image_id":53440,"":null,"descriptor":"","link_url":""},"column_2":{"sponsor_name":"Iconic Power Systems","image_id":53409,"":null,"descriptor":"","link_url":""},"column_3":{"sponsor_name":"Independent Electricity System Operator (IESO)","image_id":43066,"":null,"descriptor":"","link_url":""},"column_4":{"sponsor_name":"Manitoba Hydro","image_id":53480,"":null,"descriptor":"","link_url":""}},{"acf_fc_layout":"four_columns","column_1":{"sponsor_name":"Mohawk College","image_id":43162,"":null,"descriptor":"","link_url":""},"column_2":{"sponsor_name":"Nova Scotia Power (Emera)","image_id":53411,"":null,"descriptor":"","link_url":""},"column_3":{"sponsor_name":"NRStor","image_id":53413,"":null,"descriptor":"","link_url":""},"column_4":{"sponsor_name":"Nuclear Waste Management Organization (NWMO)","image_id":53745,"":null,"descriptor":"","link_url":""}},{"acf_fc_layout":"single_column","column_1":{"sponsor_name":"Commission de l'\u00e9nergie de l'Ontario","image_id":53734,"":null,"descriptor":"","link_url":""}},{"acf_fc_layout":"single_column","column_1":{"sponsor_name":"OEC","image_id":53385,"":null,"descriptor":"","link_url":""}},{"acf_fc_layout":"single_column","column_1":{"sponsor_name":"Ontario Power Generation","image_id":43195,"":null,"descriptor":"","link_url":""}},{"acf_fc_layout":"single_column","column_1":{"sponsor_name":"Power Workers' Union","image_id":53426,"":null,"descriptor":"","link_url":""}},{"acf_fc_layout":"single_column","column_1":{"sponsor_name":"S&C Electric Canada Ltd.","image_id":53445,"":null,"descriptor":"","link_url":""}},{"acf_fc_layout":"single_column","column_1":{"sponsor_name":"SaskPower","image_id":54084,"":null,"descriptor":"","link_url":""}},{"acf_fc_layout":"single_column","column_1":{"sponsor_name":"Skills Competences Canada","image_id":53419,"":null,"descriptor":"","link_url":""}},{"acf_fc_layout":"single_column","column_1":{"sponsor_name":"Society of United Professionals","image_id":53421,"":null,"descriptor":"","link_url":""}},{"acf_fc_layout":"single_column","column_1":{"sponsor_name":"Synergy North","image_id":52370,"":null,"descriptor":"","link_url":""}},{"acf_fc_layout":"single_column","column_1":{"sponsor_name":"Toronto Hydro","image_id":53544,"":null,"descriptor":"","link_url":""}},{"acf_fc_layout":"single_column","column_1":{"sponsor_name":"TransAlta","image_id":53428,"":null,"descriptor":"","link_url":""}},{"acf_fc_layout":"single_column","column_1":{"sponsor_name":"University of Waterloo","image_id":53738,"":null,"descriptor":"","link_url":""}},{"acf_fc_layout":"single_column","column_1":{"sponsor_name":"1898 & Co. (a Burns & McDonnell Co.)","image_id":52362,"":null,"descriptor":"","link_url":""}}],"custom_navigation_label":""},{"acf_fc_layout":"call-to-action","background_colour":"--ehrc-light-navy","heading":"Autres fa\u00e7ons de participer","emphasized_text":"Participer \u00e0 l\u2019Accord de leadership","content":"L\u2019Accord de leadership sur la diversit\u00e9, l\u2019\u00e9quit\u00e9 et l\u2019inclusion est un\u00a0<strong>engagement public<\/strong> pris par des employeur\u00b7euse\u00b7s, des \u00e9ducateur\u00b7rice\u00b7s, des syndicats, des associations et des gouvernements partout au Canada afin de faire progresser, d\u2019int\u00e9grer et de prioriser la diversit\u00e9, l\u2019\u00e9quit\u00e9 et l\u2019inclusion dans les politiques, les processus, la culture et l\u2019environnement de travail de leurs organisations de sorte \u00e0 cr\u00e9er de mani\u00e8re proactive un lieu de travail diversifi\u00e9, inclusif et \u00e9quitable.","link":{"title":"En savoir plus","url":"https:\/\/ehrc.ca\/fr\/leadership-accord","target":""},"link_2":null,"image_id":44457,"image_alt_text":"Three people having a meeting","custom_navigation_label":""}]},"yoast_head":"<!-- This site is optimized with the Yoast SEO plugin v27.2 - https:\/\/yoast.com\/product\/yoast-seo-wordpress\/ -->\n<title>Adh\u00e9sion \u00e0 RHIEC - Electricity Human Resources Canada<\/title>\n<meta name=\"description\" content=\"RHIEC est la source la plus fiable d\u2019informations objectives sur les ressources humaines du secteur canadien de l\u2019\u00e9lectricit\u00e9.\" \/>\n<meta name=\"robots\" content=\"index, follow, max-snippet:-1, max-image-preview:large, max-video-preview:-1\" \/>\n<link rel=\"canonical\" href=\"https:\/\/ehrc.ca\/fr\/adhesion\/\" \/>\n<meta property=\"og:locale\" content=\"fr_FR\" \/>\n<meta property=\"og:type\" content=\"article\" \/>\n<meta property=\"og:title\" content=\"Adh\u00e9sion \u00e0 RHIEC - Electricity Human Resources Canada\" \/>\n<meta property=\"og:description\" content=\"RHIEC est la source la plus fiable d\u2019informations objectives sur les ressources humaines du secteur canadien de l\u2019\u00e9lectricit\u00e9.\" \/>\n<meta property=\"og:url\" content=\"https:\/\/ehrc.ca\/fr\/adhesion\/\" \/>\n<meta property=\"og:site_name\" content=\"Electricity Human Resources Canada\" \/>\n<meta property=\"article:modified_time\" content=\"2026-03-18T14:10:41+00:00\" \/>\n<meta name=\"twitter:card\" content=\"summary_large_image\" \/>\n<script type=\"application\/ld+json\" class=\"yoast-schema-graph\">{\"@context\":\"https:\/\/schema.org\",\"@graph\":[{\"@type\":\"WebPage\",\"@id\":\"https:\/\/ehrc.ca\/fr\/adhesion\/\",\"url\":\"https:\/\/ehrc.ca\/fr\/adhesion\/\",\"name\":\"Adh\u00e9sion \u00e0 RHIEC - Electricity Human Resources Canada\",\"isPartOf\":{\"@id\":\"https:\/\/ehrc.ca\/#website\"},\"datePublished\":\"2023-03-31T19:43:44+00:00\",\"dateModified\":\"2026-03-18T14:10:41+00:00\",\"breadcrumb\":{\"@id\":\"https:\/\/ehrc.ca\/fr\/adhesion\/#breadcrumb\"},\"inLanguage\":\"fr-FR\",\"potentialAction\":[{\"@type\":\"ReadAction\",\"target\":[\"https:\/\/ehrc.ca\/fr\/adhesion\/\"]}]},{\"@type\":\"BreadcrumbList\",\"@id\":\"https:\/\/ehrc.ca\/fr\/adhesion\/#breadcrumb\",\"itemListElement\":[{\"@type\":\"ListItem\",\"position\":1,\"name\":\"Home\",\"item\":\"https:\/\/ehrc.ca\/fr\/home\/\"},{\"@type\":\"ListItem\",\"position\":2,\"name\":\"Adh\u00e9sion \u00e0 RHIEC\"}]},{\"@type\":\"WebSite\",\"@id\":\"https:\/\/ehrc.ca\/#website\",\"url\":\"https:\/\/ehrc.ca\/\",\"name\":\"Electricity Human Resources Canada\",\"description\":\"Improving our industry, together.\",\"potentialAction\":[{\"@type\":\"SearchAction\",\"target\":{\"@type\":\"EntryPoint\",\"urlTemplate\":\"https:\/\/ehrc.ca\/?s={search_term_string}\"},\"query-input\":{\"@type\":\"PropertyValueSpecification\",\"valueRequired\":true,\"valueName\":\"search_term_string\"}}],\"inLanguage\":\"fr-FR\"}]}<\/script>\n<!-- \/ Yoast SEO plugin. -->","yoast_head_json":{"title":"Adh\u00e9sion \u00e0 RHIEC - Electricity Human Resources Canada","description":"RHIEC est la source la plus fiable d\u2019informations objectives sur les ressources humaines du secteur canadien de l\u2019\u00e9lectricit\u00e9.","robots":{"index":"index","follow":"follow","max-snippet":"max-snippet:-1","max-image-preview":"max-image-preview:large","max-video-preview":"max-video-preview:-1"},"canonical":"https:\/\/ehrc.ca\/fr\/adhesion\/","og_locale":"fr_FR","og_type":"article","og_title":"Adh\u00e9sion \u00e0 RHIEC - Electricity Human Resources Canada","og_description":"RHIEC est la source la plus fiable d\u2019informations objectives sur les ressources humaines du secteur canadien de l\u2019\u00e9lectricit\u00e9.","og_url":"https:\/\/ehrc.ca\/fr\/adhesion\/","og_site_name":"Electricity Human Resources Canada","article_modified_time":"2026-03-18T14:10:41+00:00","twitter_card":"summary_large_image","schema":{"@context":"https:\/\/schema.org","@graph":[{"@type":"WebPage","@id":"https:\/\/ehrc.ca\/fr\/adhesion\/","url":"https:\/\/ehrc.ca\/fr\/adhesion\/","name":"Adh\u00e9sion \u00e0 RHIEC - Electricity Human Resources Canada","isPartOf":{"@id":"https:\/\/ehrc.ca\/#website"},"datePublished":"2023-03-31T19:43:44+00:00","dateModified":"2026-03-18T14:10:41+00:00","breadcrumb":{"@id":"https:\/\/ehrc.ca\/fr\/adhesion\/#breadcrumb"},"inLanguage":"fr-FR","potentialAction":[{"@type":"ReadAction","target":["https:\/\/ehrc.ca\/fr\/adhesion\/"]}]},{"@type":"BreadcrumbList","@id":"https:\/\/ehrc.ca\/fr\/adhesion\/#breadcrumb","itemListElement":[{"@type":"ListItem","position":1,"name":"Home","item":"https:\/\/ehrc.ca\/fr\/home\/"},{"@type":"ListItem","position":2,"name":"Adh\u00e9sion \u00e0 RHIEC"}]},{"@type":"WebSite","@id":"https:\/\/ehrc.ca\/#website","url":"https:\/\/ehrc.ca\/","name":"Electricity Human Resources Canada","description":"Improving our industry, together.","potentialAction":[{"@type":"SearchAction","target":{"@type":"EntryPoint","urlTemplate":"https:\/\/ehrc.ca\/?s={search_term_string}"},"query-input":{"@type":"PropertyValueSpecification","valueRequired":true,"valueName":"search_term_string"}}],"inLanguage":"fr-FR"}]}},"_links":{"self":[{"href":"https:\/\/ehrc.ca\/fr\/wp-json\/wp\/v2\/pages\/48804","targetHints":{"allow":["GET"]}}],"collection":[{"href":"https:\/\/ehrc.ca\/fr\/wp-json\/wp\/v2\/pages"}],"about":[{"href":"https:\/\/ehrc.ca\/fr\/wp-json\/wp\/v2\/types\/page"}],"author":[{"embeddable":true,"href":"https:\/\/ehrc.ca\/fr\/wp-json\/wp\/v2\/users\/3"}],"replies":[{"embeddable":true,"href":"https:\/\/ehrc.ca\/fr\/wp-json\/wp\/v2\/comments?post=48804"}],"version-history":[{"count":31,"href":"https:\/\/ehrc.ca\/fr\/wp-json\/wp\/v2\/pages\/48804\/revisions"}],"predecessor-version":[{"id":55500,"href":"https:\/\/ehrc.ca\/fr\/wp-json\/wp\/v2\/pages\/48804\/revisions\/55500"}],"wp:attachment":[{"href":"https:\/\/ehrc.ca\/fr\/wp-json\/wp\/v2\/media?parent=48804"}],"wp:term":[{"taxonomy":"category","embeddable":true,"href":"https:\/\/ehrc.ca\/fr\/wp-json\/wp\/v2\/categories?post=48804"}],"curies":[{"name":"wp","href":"https:\/\/api.w.org\/{rel}","templated":true}]}}