{"id":48262,"date":"2023-04-18T23:07:08","date_gmt":"2023-04-19T03:07:08","guid":{"rendered":"https:\/\/ehrc-rebuild.paperleaftest.com\/ehrc-programs\/"},"modified":"2025-06-10T15:39:05","modified_gmt":"2025-06-10T19:39:05","slug":"programmes","status":"publish","type":"page","link":"https:\/\/ehrc.ca\/fr\/programmes\/","title":{"rendered":"Programmes de RHIEC"},"content":{"rendered":"","protected":false},"excerpt":{"rendered":"","protected":false},"author":3,"featured_media":0,"parent":0,"menu_order":0,"comment_status":"closed","ping_status":"closed","template":"page-without-sidebar.php","meta":{"_acf_changed":false,"_relevanssi_hide_post":"","_relevanssi_hide_content":"","_relevanssi_pin_for_all":"","_relevanssi_pin_keywords":"","_relevanssi_unpin_keywords":"","_relevanssi_related_keywords":"","_relevanssi_related_include_ids":"","_relevanssi_related_exclude_ids":"","_relevanssi_related_no_append":"","_relevanssi_related_not_related":"","_relevanssi_related_posts":"","_relevanssi_noindex_reason":"","footnotes":""},"categories":[184],"class_list":["post-48262","page","type-page","status-publish","hentry","category-programs-fr"],"acf":{"page_header":{"":null,"description":"RHIEC propose de nombreux programmes, des mesures incitatives ou de soutien pour des groupes pr\u00e9cis et des pratiques exemplaires en mati\u00e8re d\u2019\u00c9DI.","link":null,"image_id":44652,"image_alt_text":"Employ\u00e9e du domaine \u00e9lectrique devant un parc de panneaux solaires"},"pagebuilder":[{"acf_fc_layout":"featured_programs","heading":"Pour les employeurs","description":"","featured_programs":[51768,47720,47730],"custom_navigation_label":""},{"acf_fc_layout":"featured_programs","heading":"Pour les \u00e9tudiants et les chercheurs de carri\u00e8re","description":"","featured_programs":[52191,46742,48837],"custom_navigation_label":""},{"acf_fc_layout":"featured_programs","heading":"Pour les jeunes","description":"","featured_programs":[53229,52776,48160],"custom_navigation_label":""}]},"yoast_head":"<!-- This site is optimized with the Yoast SEO plugin v27.3 - https:\/\/yoast.com\/product\/yoast-seo-wordpress\/ -->\n<title>Programmes de RHIEC - Electricity Human Resources Canada<\/title>\n<meta name=\"description\" content=\"RHIEC propose de nombreux programmes, des mesures incitatives ou de soutien pour des groupes pr\u00e9cis et des pratiques exemplaires en mati\u00e8re d\u2019\u00c9DI.\" \/>\n<meta name=\"robots\" content=\"index, follow, max-snippet:-1, max-image-preview:large, max-video-preview:-1\" \/>\n<link rel=\"canonical\" href=\"https:\/\/ehrc.ca\/fr\/programmes\/\" \/>\n<meta property=\"og:locale\" content=\"fr_FR\" \/>\n<meta property=\"og:type\" content=\"article\" \/>\n<meta property=\"og:title\" content=\"Programmes de RHIEC - Electricity Human Resources Canada\" \/>\n<meta property=\"og:description\" content=\"RHIEC propose de nombreux programmes, des mesures incitatives ou de soutien pour des groupes pr\u00e9cis et des pratiques exemplaires en mati\u00e8re d\u2019\u00c9DI.\" \/>\n<meta property=\"og:url\" content=\"https:\/\/ehrc.ca\/fr\/programmes\/\" \/>\n<meta property=\"og:site_name\" content=\"Electricity Human Resources Canada\" \/>\n<meta property=\"article:modified_time\" content=\"2025-06-10T19:39:05+00:00\" \/>\n<meta name=\"twitter:card\" content=\"summary_large_image\" \/>\n<script type=\"application\/ld+json\" class=\"yoast-schema-graph\">{\"@context\":\"https:\\\/\\\/schema.org\",\"@graph\":[{\"@type\":\"WebPage\",\"@id\":\"https:\\\/\\\/ehrc.ca\\\/fr\\\/programmes\\\/\",\"url\":\"https:\\\/\\\/ehrc.ca\\\/fr\\\/programmes\\\/\",\"name\":\"Programmes de RHIEC - Electricity Human Resources Canada\",\"isPartOf\":{\"@id\":\"https:\\\/\\\/ehrc.ca\\\/#website\"},\"datePublished\":\"2023-04-19T03:07:08+00:00\",\"dateModified\":\"2025-06-10T19:39:05+00:00\",\"breadcrumb\":{\"@id\":\"https:\\\/\\\/ehrc.ca\\\/fr\\\/programmes\\\/#breadcrumb\"},\"inLanguage\":\"fr-FR\",\"potentialAction\":[{\"@type\":\"ReadAction\",\"target\":[\"https:\\\/\\\/ehrc.ca\\\/fr\\\/programmes\\\/\"]}]},{\"@type\":\"BreadcrumbList\",\"@id\":\"https:\\\/\\\/ehrc.ca\\\/fr\\\/programmes\\\/#breadcrumb\",\"itemListElement\":[{\"@type\":\"ListItem\",\"position\":1,\"name\":\"Home\",\"item\":\"https:\\\/\\\/ehrc.ca\\\/fr\\\/home\\\/\"},{\"@type\":\"ListItem\",\"position\":2,\"name\":\"Programmes de RHIEC\"}]},{\"@type\":\"WebSite\",\"@id\":\"https:\\\/\\\/ehrc.ca\\\/#website\",\"url\":\"https:\\\/\\\/ehrc.ca\\\/\",\"name\":\"Electricity Human Resources Canada\",\"description\":\"Improving our industry, together.\",\"potentialAction\":[{\"@type\":\"SearchAction\",\"target\":{\"@type\":\"EntryPoint\",\"urlTemplate\":\"https:\\\/\\\/ehrc.ca\\\/?s={search_term_string}\"},\"query-input\":{\"@type\":\"PropertyValueSpecification\",\"valueRequired\":true,\"valueName\":\"search_term_string\"}}],\"inLanguage\":\"fr-FR\"}]}<\/script>\n<!-- \/ Yoast SEO plugin. -->","yoast_head_json":{"title":"Programmes de RHIEC - Electricity Human Resources Canada","description":"RHIEC propose de nombreux programmes, des mesures incitatives ou de soutien pour des groupes pr\u00e9cis et des pratiques exemplaires en mati\u00e8re d\u2019\u00c9DI.","robots":{"index":"index","follow":"follow","max-snippet":"max-snippet:-1","max-image-preview":"max-image-preview:large","max-video-preview":"max-video-preview:-1"},"canonical":"https:\/\/ehrc.ca\/fr\/programmes\/","og_locale":"fr_FR","og_type":"article","og_title":"Programmes de RHIEC - Electricity Human Resources Canada","og_description":"RHIEC propose de nombreux programmes, des mesures incitatives ou de soutien pour des groupes pr\u00e9cis et des pratiques exemplaires en mati\u00e8re d\u2019\u00c9DI.","og_url":"https:\/\/ehrc.ca\/fr\/programmes\/","og_site_name":"Electricity Human Resources Canada","article_modified_time":"2025-06-10T19:39:05+00:00","twitter_card":"summary_large_image","schema":{"@context":"https:\/\/schema.org","@graph":[{"@type":"WebPage","@id":"https:\/\/ehrc.ca\/fr\/programmes\/","url":"https:\/\/ehrc.ca\/fr\/programmes\/","name":"Programmes de RHIEC - Electricity Human Resources Canada","isPartOf":{"@id":"https:\/\/ehrc.ca\/#website"},"datePublished":"2023-04-19T03:07:08+00:00","dateModified":"2025-06-10T19:39:05+00:00","breadcrumb":{"@id":"https:\/\/ehrc.ca\/fr\/programmes\/#breadcrumb"},"inLanguage":"fr-FR","potentialAction":[{"@type":"ReadAction","target":["https:\/\/ehrc.ca\/fr\/programmes\/"]}]},{"@type":"BreadcrumbList","@id":"https:\/\/ehrc.ca\/fr\/programmes\/#breadcrumb","itemListElement":[{"@type":"ListItem","position":1,"name":"Home","item":"https:\/\/ehrc.ca\/fr\/home\/"},{"@type":"ListItem","position":2,"name":"Programmes de RHIEC"}]},{"@type":"WebSite","@id":"https:\/\/ehrc.ca\/#website","url":"https:\/\/ehrc.ca\/","name":"Electricity Human Resources Canada","description":"Improving our industry, together.","potentialAction":[{"@type":"SearchAction","target":{"@type":"EntryPoint","urlTemplate":"https:\/\/ehrc.ca\/?s={search_term_string}"},"query-input":{"@type":"PropertyValueSpecification","valueRequired":true,"valueName":"search_term_string"}}],"inLanguage":"fr-FR"}]}},"_links":{"self":[{"href":"https:\/\/ehrc.ca\/fr\/wp-json\/wp\/v2\/pages\/48262","targetHints":{"allow":["GET"]}}],"collection":[{"href":"https:\/\/ehrc.ca\/fr\/wp-json\/wp\/v2\/pages"}],"about":[{"href":"https:\/\/ehrc.ca\/fr\/wp-json\/wp\/v2\/types\/page"}],"author":[{"embeddable":true,"href":"https:\/\/ehrc.ca\/fr\/wp-json\/wp\/v2\/users\/3"}],"replies":[{"embeddable":true,"href":"https:\/\/ehrc.ca\/fr\/wp-json\/wp\/v2\/comments?post=48262"}],"version-history":[{"count":6,"href":"https:\/\/ehrc.ca\/fr\/wp-json\/wp\/v2\/pages\/48262\/revisions"}],"predecessor-version":[{"id":54346,"href":"https:\/\/ehrc.ca\/fr\/wp-json\/wp\/v2\/pages\/48262\/revisions\/54346"}],"wp:attachment":[{"href":"https:\/\/ehrc.ca\/fr\/wp-json\/wp\/v2\/media?parent=48262"}],"wp:term":[{"taxonomy":"category","embeddable":true,"href":"https:\/\/ehrc.ca\/fr\/wp-json\/wp\/v2\/categories?post=48262"}],"curies":[{"name":"wp","href":"https:\/\/api.w.org\/{rel}","templated":true}]}}