{"id":47893,"date":"2023-04-25T01:02:48","date_gmt":"2023-04-25T05:02:48","guid":{"rendered":"https:\/\/ehrc-rebuild.paperleaftest.com\/?page_id=47893"},"modified":"2025-04-08T16:12:06","modified_gmt":"2025-04-08T20:12:06","slug":"partenaires","status":"publish","type":"page","link":"https:\/\/ehrc.ca\/fr\/partenaires\/","title":{"rendered":"Partenaires"},"content":{"rendered":"","protected":false},"excerpt":{"rendered":"","protected":false},"author":3,"featured_media":0,"parent":0,"menu_order":0,"comment_status":"closed","ping_status":"closed","template":"","meta":{"_acf_changed":false,"_relevanssi_hide_post":"","_relevanssi_hide_content":"","_relevanssi_pin_for_all":"","_relevanssi_pin_keywords":"","_relevanssi_unpin_keywords":"","_relevanssi_related_keywords":"","_relevanssi_related_include_ids":"","_relevanssi_related_exclude_ids":"","_relevanssi_related_no_append":"","_relevanssi_related_not_related":"","_relevanssi_related_posts":"","_relevanssi_noindex_reason":"","footnotes":""},"categories":[170],"class_list":["post-47893","page","type-page","status-publish","hentry","category-about-fr"],"acf":{"page_header":{"":null,"description":"Les partenaires de RHIEC permettent de fournir des recherches et des analyses de donn\u00e9es, des ressources, des outils et des meilleures pratiques sur les RH.","link":null,"image_id":null,"image_alt_text":""},"pagebuilder":[{"acf_fc_layout":"content_block","background_colour":"--ehrc-white","heading":"Pourquoi devenir partenaire de RHIEC?","description":"","rows":[{"acf_fc_layout":"two_columns","column_1":{"type":"text","content":"<strong>Nos partenaires repr\u00e9sentent les principales associations et organisations de pointe du secteur qui collaborent avec nous de fa\u00e7on soutenue.<\/strong>\r\n\r\n<span style=\"color: var(--ehrc-dark-navy); font-family: var(--font-minor); font-size: 1.4rem;\">Nos partenaires tirent profit de ressources mises en commun et d'une visibilit\u00e9 sur notre site Web et nos r\u00e9seaux sociaux.<\/span>\r\n\r\nPour plus d'informations sur la collaboration avec nous, contactez Vilyen Pidgornyy, D\u00e9veloppement des enterprises et partenariats \u00e0 <a href=\"mailto:pidgornyy@ehrc.ca\">pidgornyy@ehrc.ca<\/a>.","aspect_ratio":"4:3","visual_accent":false,"":null,"image_id":null,"image_alt_text":""},"column_2":{"type":"image","content":"","aspect_ratio":"4_3","visual_accent":true,"":null,"image_id":42841,"image_alt_text":"\u00c9oliennes devant un ciel bleu"}}],"custom_navigation_label":""},{"acf_fc_layout":"logo_garden","display_options":{"visible_sponsor_name":false,"descriptors":false,"links":false},"heading":"Nos partenaires","description":"","rows":[{"acf_fc_layout":"four_columns","column_1":{"sponsor_name":"Women in Renewable Energy","image_id":53563,"":null,"descriptor":"","link_url":""},"column_2":{"sponsor_name":"Decentralized Energy Canada","image_id":42737,"":null,"descriptor":"","link_url":""},"column_3":{"sponsor_name":"EDA: Electricity Distributors Association","image_id":42739,"":null,"descriptor":"","link_url":""},"column_4":{"sponsor_name":"Newfoundland Labrador Hydro","image_id":43108,"":null,"descriptor":"","link_url":""}},{"acf_fc_layout":"four_columns","column_1":{"sponsor_name":"Women of DLT","image_id":42745,"":null,"descriptor":"","link_url":""},"column_2":{"sponsor_name":"Coll\u00e8ge Algonquin","image_id":42747,"":null,"descriptor":"","link_url":""},"column_3":{"sponsor_name":"Canadian Council of Technicians and Technologists","image_id":42749,"":null,"descriptor":"","link_url":""},"column_4":{"sponsor_name":"Conseil canadien de l\u2019\u00e9nergie","image_id":42751,"":null,"descriptor":"","link_url":""}},{"acf_fc_layout":"four_columns","column_1":{"sponsor_name":"Hydro\u00e9lectricit\u00e9 Canada","image_id":42765,"":null,"descriptor":"","link_url":""},"column_2":{"sponsor_name":"Universit\u00e9 de Toronto","image_id":42767,"":null,"descriptor":"","link_url":""},"column_3":{"sponsor_name":"Association nucl\u00e9aire canadienne","image_id":42769,"":null,"descriptor":"","link_url":""},"column_4":{"sponsor_name":"\u00c9nergie NB","image_id":42771,"":null,"descriptor":"","link_url":""}},{"acf_fc_layout":"four_columns","column_1":{"sponsor_name":"Enmax","image_id":42773,"":null,"descriptor":"","link_url":""},"column_2":{"sponsor_name":"Manitoba Hydro","image_id":53435,"":null,"descriptor":"","link_url":""},"column_3":{"sponsor_name":"Commission de la sant\u00e9 mentale du Canada","image_id":42777,"":null,"descriptor":"","link_url":""},"column_4":{"sponsor_name":"AltaLink","image_id":42779,"":null,"descriptor":"","link_url":""}},{"acf_fc_layout":"four_columns","column_1":{"sponsor_name":"Femmes et \u00c9galit\u00e9 des genres Canada","image_id":53469,"":null,"descriptor":"","link_url":""},"column_2":{"sponsor_name":"Emploi et D\u00e9veloppement social Canada","image_id":46394,"":null,"descriptor":"","link_url":""},"column_3":{"sponsor_name":"Minist\u00e8re de la Justice Canada","image_id":47840,"":null,"descriptor":"","link_url":""},"column_4":{"sponsor_name":"Ressources naturelles Canada","image_id":42787,"":null,"descriptor":"","link_url":""}},{"acf_fc_layout":"four_columns","column_1":{"sponsor_name":"FortisBC","image_id":42798,"":null,"descriptor":"","link_url":""},"column_2":{"sponsor_name":"Quest","image_id":42783,"":null,"descriptor":"","link_url":""},"column_3":{"sponsor_name":"College of New Caledonia","image_id":42785,"":null,"descriptor":"","link_url":""},"column_4":{"sponsor_name":"Ing\u00e9nieurs Canada","image_id":42800,"":null,"descriptor":"","link_url":""}},{"acf_fc_layout":"four_columns","column_1":{"sponsor_name":"BC Hydro","image_id":42789,"":null,"descriptor":"","link_url":""},"column_2":{"sponsor_name":"Capital Power","image_id":42791,"":null,"descriptor":"","link_url":""},"column_3":{"sponsor_name":"Ontario Waterpower Association","image_id":42793,"":null,"descriptor":"","link_url":""},"column_4":{"sponsor_name":"Kerrwil","image_id":53450,"":null,"descriptor":"","link_url":""}},{"acf_fc_layout":"four_columns","column_1":{"sponsor_name":"Calgary Women in Energy","image_id":42988,"":null,"descriptor":"","link_url":""},"column_2":{"sponsor_name":"Ontario Tech Talent","image_id":53452,"":null,"descriptor":"","link_url":""},"column_3":{"sponsor_name":"Universit\u00e9 de Calgary","image_id":42802,"":null,"descriptor":"","link_url":""},"column_4":{"sponsor_name":"Cameco","image_id":42804,"":null,"descriptor":"","link_url":""}},{"acf_fc_layout":"four_columns","column_1":{"sponsor_name":"SAIT","image_id":42835,"":null,"descriptor":"","link_url":""},"column_2":{"sponsor_name":"Association of Power Producers of Ontario","image_id":42808,"":null,"descriptor":"","link_url":""},"column_3":{"sponsor_name":"Women of Influence","image_id":42810,"":null,"descriptor":"","link_url":""},"column_4":{"sponsor_name":"Ruban Blanc","image_id":42978,"":null,"descriptor":"","link_url":""}},{"acf_fc_layout":"four_columns","column_1":{"sponsor_name":"\u00c9lectro F\u00e9d\u00e9ration Canada","image_id":42814,"":null,"descriptor":"","link_url":""},"column_2":{"sponsor_name":"Alberta Electrical Alliance","image_id":42816,"":null,"descriptor":"","link_url":""},"column_3":{"sponsor_name":"Efficacit\u00e9 \u00e9nerg\u00e9tique Canada","image_id":42818,"":null,"descriptor":"","link_url":""},"column_4":{"sponsor_name":"Live Your Potential","image_id":42820,"":null,"descriptor":"","link_url":""}},{"acf_fc_layout":"four_columns","column_1":{"sponsor_name":"Ceati International","image_id":42822,"":null,"descriptor":"","link_url":""},"column_2":{"sponsor_name":"Difest","image_id":42824,"":null,"descriptor":"","link_url":""},"column_3":{"sponsor_name":"Ontario Energy Network","image_id":42826,"":null,"descriptor":"","link_url":""},"column_4":{"sponsor_name":"Society of Women Engineers Toronto","image_id":42828,"":null,"descriptor":"","link_url":""}},{"acf_fc_layout":"four_columns","column_1":{"sponsor_name":"Nouvelles Bottes\u00a0: Le progr\u00e8s des femmes dans les m\u00e9tiers","image_id":42812,"":null,"descriptor":"","link_url":""},"column_2":{"sponsor_name":"Comp\u00e9tences Canada","image_id":42980,"":null,"descriptor":"","link_url":""},"column_3":{"sponsor_name":"CCRT","image_id":42982,"":null,"descriptor":"","link_url":""},"column_4":{"sponsor_name":"NAYGN","image_id":42984,"":null,"descriptor":"","link_url":""}},{"acf_fc_layout":"four_columns","column_1":{"sponsor_name":"Women + Power","image_id":42986,"":null,"descriptor":"","link_url":""},"column_2":{"sponsor_name":"Gouvernement de l\u2019Alberta","image_id":43390,"":null,"descriptor":"","link_url":""},"column_3":{"sponsor_name":"Student Energy","image_id":42990,"":null,"descriptor":"","link_url":""},"column_4":{"sponsor_name":"Indigenous Clean Energy","image_id":42992,"":null,"descriptor":"","link_url":""}},{"acf_fc_layout":"four_columns","column_1":{"sponsor_name":"Groupe d\u2019innovation du r\u00e9seau intelligent","image_id":53454,"":null,"descriptor":"","link_url":""},"column_2":{"sponsor_name":"Association canadienne de l\u2019\u00e9nergie renouvelable","image_id":42996,"":null,"descriptor":"","link_url":""},"column_3":{"sponsor_name":"Energy Storage Canada","image_id":42998,"":null,"descriptor":"","link_url":""},"column_4":{"sponsor_name":"METSCO","image_id":43000,"":null,"descriptor":"","link_url":""}},{"acf_fc_layout":"three_columns","column_1":{"sponsor_name":"Gouvernement de l\u2019Ontario","image_id":47815,"":null,"descriptor":"","link_url":""},"column_2":{"sponsor_name":"Balsam Inc. (anciennement Indigenous Treaty Partners)","image_id":53456,"":null,"descriptor":"","link_url":""},"column_3":{"sponsor_name":"Ontario Sustainable Energy Association","image_id":52086,"":null,"descriptor":"","link_url":""}},{"acf_fc_layout":"four_columns","column_1":{"sponsor_name":"National Electricity Roundtable","image_id":53464,"":null,"descriptor":"","link_url":""},"column_2":{"sponsor_name":"E360 Institute","image_id":53462,"":null,"descriptor":"","link_url":""},"column_3":{"sponsor_name":" Solar Alberta","image_id":53460,"":null,"descriptor":"","link_url":""},"column_4":{"sponsor_name":"L\u2019Acc\u00e9l\u00e9rateur de Transition","image_id":53458,"":null,"descriptor":"","link_url":""}},{"acf_fc_layout":"two_columns","column_1":{"sponsor_name":"Blue Sky Solar Racing","image_id":53750,"":null,"descriptor":"","link_url":""},"column_2":{"sponsor_name":"StepUp","image_id":53748,"":null,"descriptor":"","link_url":""}},{"acf_fc_layout":"single_column","column_1":{"sponsor_name":"Plg'N Drive","image_id":43253,"":null,"descriptor":"","link_url":""}}],"custom_navigation_label":""}]},"yoast_head":"<!-- This site is optimized with the Yoast SEO plugin v27.3 - https:\/\/yoast.com\/product\/yoast-seo-wordpress\/ -->\n<title>Partenaires - Electricity Human Resources Canada<\/title>\n<meta name=\"description\" content=\"Les partenaires de RHIEC permettent de fournir des recherches et des analyses de donn\u00e9es, des ressources, des outils et des meilleures pratiques sur les RH.\" \/>\n<meta name=\"robots\" content=\"index, follow, max-snippet:-1, max-image-preview:large, max-video-preview:-1\" \/>\n<link rel=\"canonical\" href=\"https:\/\/ehrc.ca\/fr\/partenaires\/\" \/>\n<meta property=\"og:locale\" content=\"fr_FR\" \/>\n<meta property=\"og:type\" content=\"article\" \/>\n<meta property=\"og:title\" content=\"Partenaires - Electricity Human Resources Canada\" \/>\n<meta property=\"og:description\" content=\"Les partenaires de RHIEC permettent de fournir des recherches et des analyses de donn\u00e9es, des ressources, des outils et des meilleures pratiques sur les RH.\" \/>\n<meta property=\"og:url\" content=\"https:\/\/ehrc.ca\/fr\/partenaires\/\" \/>\n<meta property=\"og:site_name\" content=\"Electricity Human Resources Canada\" \/>\n<meta property=\"article:modified_time\" content=\"2025-04-08T20:12:06+00:00\" \/>\n<meta name=\"twitter:card\" content=\"summary_large_image\" \/>\n<script type=\"application\/ld+json\" class=\"yoast-schema-graph\">{\"@context\":\"https:\\\/\\\/schema.org\",\"@graph\":[{\"@type\":\"WebPage\",\"@id\":\"https:\\\/\\\/ehrc.ca\\\/fr\\\/partenaires\\\/\",\"url\":\"https:\\\/\\\/ehrc.ca\\\/fr\\\/partenaires\\\/\",\"name\":\"Partenaires - Electricity Human Resources Canada\",\"isPartOf\":{\"@id\":\"https:\\\/\\\/ehrc.ca\\\/#website\"},\"datePublished\":\"2023-04-25T05:02:48+00:00\",\"dateModified\":\"2025-04-08T20:12:06+00:00\",\"breadcrumb\":{\"@id\":\"https:\\\/\\\/ehrc.ca\\\/fr\\\/partenaires\\\/#breadcrumb\"},\"inLanguage\":\"fr-FR\",\"potentialAction\":[{\"@type\":\"ReadAction\",\"target\":[\"https:\\\/\\\/ehrc.ca\\\/fr\\\/partenaires\\\/\"]}]},{\"@type\":\"BreadcrumbList\",\"@id\":\"https:\\\/\\\/ehrc.ca\\\/fr\\\/partenaires\\\/#breadcrumb\",\"itemListElement\":[{\"@type\":\"ListItem\",\"position\":1,\"name\":\"Home\",\"item\":\"https:\\\/\\\/ehrc.ca\\\/fr\\\/home\\\/\"},{\"@type\":\"ListItem\",\"position\":2,\"name\":\"Partenaires\"}]},{\"@type\":\"WebSite\",\"@id\":\"https:\\\/\\\/ehrc.ca\\\/#website\",\"url\":\"https:\\\/\\\/ehrc.ca\\\/\",\"name\":\"Electricity Human Resources Canada\",\"description\":\"Improving our industry, together.\",\"potentialAction\":[{\"@type\":\"SearchAction\",\"target\":{\"@type\":\"EntryPoint\",\"urlTemplate\":\"https:\\\/\\\/ehrc.ca\\\/?s={search_term_string}\"},\"query-input\":{\"@type\":\"PropertyValueSpecification\",\"valueRequired\":true,\"valueName\":\"search_term_string\"}}],\"inLanguage\":\"fr-FR\"}]}<\/script>\n<!-- \/ Yoast SEO plugin. -->","yoast_head_json":{"title":"Partenaires - Electricity Human Resources Canada","description":"Les partenaires de RHIEC permettent de fournir des recherches et des analyses de donn\u00e9es, des ressources, des outils et des meilleures pratiques sur les RH.","robots":{"index":"index","follow":"follow","max-snippet":"max-snippet:-1","max-image-preview":"max-image-preview:large","max-video-preview":"max-video-preview:-1"},"canonical":"https:\/\/ehrc.ca\/fr\/partenaires\/","og_locale":"fr_FR","og_type":"article","og_title":"Partenaires - Electricity Human Resources Canada","og_description":"Les partenaires de RHIEC permettent de fournir des recherches et des analyses de donn\u00e9es, des ressources, des outils et des meilleures pratiques sur les RH.","og_url":"https:\/\/ehrc.ca\/fr\/partenaires\/","og_site_name":"Electricity Human Resources Canada","article_modified_time":"2025-04-08T20:12:06+00:00","twitter_card":"summary_large_image","schema":{"@context":"https:\/\/schema.org","@graph":[{"@type":"WebPage","@id":"https:\/\/ehrc.ca\/fr\/partenaires\/","url":"https:\/\/ehrc.ca\/fr\/partenaires\/","name":"Partenaires - Electricity Human Resources Canada","isPartOf":{"@id":"https:\/\/ehrc.ca\/#website"},"datePublished":"2023-04-25T05:02:48+00:00","dateModified":"2025-04-08T20:12:06+00:00","breadcrumb":{"@id":"https:\/\/ehrc.ca\/fr\/partenaires\/#breadcrumb"},"inLanguage":"fr-FR","potentialAction":[{"@type":"ReadAction","target":["https:\/\/ehrc.ca\/fr\/partenaires\/"]}]},{"@type":"BreadcrumbList","@id":"https:\/\/ehrc.ca\/fr\/partenaires\/#breadcrumb","itemListElement":[{"@type":"ListItem","position":1,"name":"Home","item":"https:\/\/ehrc.ca\/fr\/home\/"},{"@type":"ListItem","position":2,"name":"Partenaires"}]},{"@type":"WebSite","@id":"https:\/\/ehrc.ca\/#website","url":"https:\/\/ehrc.ca\/","name":"Electricity Human Resources Canada","description":"Improving our industry, together.","potentialAction":[{"@type":"SearchAction","target":{"@type":"EntryPoint","urlTemplate":"https:\/\/ehrc.ca\/?s={search_term_string}"},"query-input":{"@type":"PropertyValueSpecification","valueRequired":true,"valueName":"search_term_string"}}],"inLanguage":"fr-FR"}]}},"_links":{"self":[{"href":"https:\/\/ehrc.ca\/fr\/wp-json\/wp\/v2\/pages\/47893","targetHints":{"allow":["GET"]}}],"collection":[{"href":"https:\/\/ehrc.ca\/fr\/wp-json\/wp\/v2\/pages"}],"about":[{"href":"https:\/\/ehrc.ca\/fr\/wp-json\/wp\/v2\/types\/page"}],"author":[{"embeddable":true,"href":"https:\/\/ehrc.ca\/fr\/wp-json\/wp\/v2\/users\/3"}],"replies":[{"embeddable":true,"href":"https:\/\/ehrc.ca\/fr\/wp-json\/wp\/v2\/comments?post=47893"}],"version-history":[{"count":7,"href":"https:\/\/ehrc.ca\/fr\/wp-json\/wp\/v2\/pages\/47893\/revisions"}],"predecessor-version":[{"id":54058,"href":"https:\/\/ehrc.ca\/fr\/wp-json\/wp\/v2\/pages\/47893\/revisions\/54058"}],"wp:attachment":[{"href":"https:\/\/ehrc.ca\/fr\/wp-json\/wp\/v2\/media?parent=47893"}],"wp:term":[{"taxonomy":"category","embeddable":true,"href":"https:\/\/ehrc.ca\/fr\/wp-json\/wp\/v2\/categories?post=47893"}],"curies":[{"name":"wp","href":"https:\/\/api.w.org\/{rel}","templated":true}]}}