{"id":47852,"date":"2023-04-19T00:38:59","date_gmt":"2023-04-19T04:38:59","guid":{"rendered":"https:\/\/ehrc-rebuild.paperleaftest.com\/labour-market-intelligence-reporting\/"},"modified":"2023-08-10T08:13:53","modified_gmt":"2023-08-10T14:13:53","slug":"labour-market-intelligence-reporting","status":"publish","type":"page","link":"https:\/\/ehrc.ca\/fr\/labour-market-intelligence-reporting\/","title":{"rendered":"Rapports relatifs \u00e0 l\u2019information sur le march\u00e9 du travail"},"content":{"rendered":"","protected":false},"excerpt":{"rendered":"","protected":false},"author":3,"featured_media":0,"parent":0,"menu_order":0,"comment_status":"closed","ping_status":"closed","template":"template-landing-page.php","meta":{"_acf_changed":false,"_relevanssi_hide_post":"","_relevanssi_hide_content":"","_relevanssi_pin_for_all":"","_relevanssi_pin_keywords":"","_relevanssi_unpin_keywords":"","_relevanssi_related_keywords":"","_relevanssi_related_include_ids":"","_relevanssi_related_exclude_ids":"","_relevanssi_related_no_append":"","_relevanssi_related_not_related":"","_relevanssi_related_posts":"","_relevanssi_noindex_reason":"","footnotes":""},"categories":[179,168],"class_list":["post-47852","page","type-page","status-publish","hentry","category-labour-market-intelligence-fr","category-priority-areas-fr"],"acf":{"page_header":{"":null,"description":"Le sondage sur le march\u00e9 du travail de RHIEC et le rapport connexe repr\u00e9sentent l\u2019\u00e9tat actuel du secteur et fournissent une projection sur cinq ans.","link":"","image_id":44455,"image_alt_text":"Un ing\u00e9nieur v\u00e9rifiant l\u2019installation d\u2019une cellule solaire sur le toit d\u2019une usine le matin."},"pagebuilder":[{"acf_fc_layout":"content_block","background_colour":"--ehrc-white","heading":"Information sur le march\u00e9 du travail du secteur de l\u2019\u00e9lectricit\u00e9","description":"Fournissant des statistiques sur le march\u00e9 du travail et une analyse des tendances, de m\u00eame que des projections de l\u2019offre et de la demande et des donn\u00e9es sur la diversit\u00e9, l\u2019\u00e9quit\u00e9 et l\u2019inclusion (\u00c9DI), les rapports offrent un aper\u00e7u et une analyse des tendances actuelles et futures en mati\u00e8re de main-d\u2019\u0153uvre sp\u00e9cifiquement pour le secteur de l\u2019\u00e9lectricit\u00e9.","rows":[{"acf_fc_layout":"two_columns","column_1":{"type":"text","content":"<h3>Rapports relatifs \u00e0 l\u2019information sur le march\u00e9 du travail de RHIEC<\/h3>\r\nFond\u00e9s sur un sondage national sur le march\u00e9 du travail r\u00e9alis\u00e9 aupr\u00e8s des employeur\u00b7euse\u00b7s et des \u00e9ducateur\u00b7rice\u00b7s, les rapports relatifs \u00e0 l\u2019information sur le march\u00e9 du travail (IMT) fournissent une analyse compl\u00e8te de l\u2019\u00e9tat actuel du march\u00e9 du travail dans le secteur de l\u2019\u00e9lectricit\u00e9, y compris les r\u00e9partitions aux niveaux national et provincial, les statistiques en mati\u00e8re d\u2019\u00c9DI et l\u2019analyse des tendances. Les responsables de la planification de la main-d\u2019\u0153uvre peuvent utiliser ces donn\u00e9es pour planifier l\u2019avenir de leurs organisations, sachant que le d\u00e9lai d\u2019acquisition des comp\u00e9tences pour la plupart des postes est de cinq ans. La planification de la main-d\u2019\u0153uvre du secteur est donc essentielle pour garantir que nous disposons de la main-d\u2019\u0153uvre n\u00e9cessaire pour maintenir la fiabilit\u00e9 du r\u00e9seau \u00e0 moyen et \u00e0 long terme.\r\n<p class=\"button-primary\"><a class=\"link\" href=\"http:\/\/electricityhr.ca\/fr\/labour-market-intelligence\/\">Explorer les ressources en mati\u00e8re d\u2019IMT<\/a><\/p>","aspect_ratio":"4:3","visual_accent":false,"":null,"image_id":null,"image_alt_text":""},"column_2":{"type":"image","content":"","aspect_ratio":"4_3","visual_accent":true,"":null,"image_id":46780,"image_alt_text":"R\u00e9union debout du personnel"}}],"custom_navigation_label":""}]},"yoast_head":"<!-- This site is optimized with the Yoast SEO plugin v27.3 - https:\/\/yoast.com\/product\/yoast-seo-wordpress\/ -->\n<title>Rapports relatifs \u00e0 l\u2019information sur le march\u00e9 du travail - Electricity Human Resources Canada<\/title>\n<meta name=\"description\" content=\"Le sondage sur le march\u00e9 du travail de RHIEC et le rapport connexe repr\u00e9sentent l\u2019\u00e9tat actuel du secteur et fournissent une projection sur cinq ans.\" \/>\n<meta name=\"robots\" content=\"index, follow, max-snippet:-1, max-image-preview:large, max-video-preview:-1\" \/>\n<link rel=\"canonical\" href=\"https:\/\/ehrc.ca\/fr\/labour-market-intelligence-reporting\/\" \/>\n<meta property=\"og:locale\" content=\"fr_FR\" \/>\n<meta property=\"og:type\" content=\"article\" \/>\n<meta property=\"og:title\" content=\"Rapports relatifs \u00e0 l\u2019information sur le march\u00e9 du travail - Electricity Human Resources Canada\" \/>\n<meta property=\"og:description\" content=\"Le sondage sur le march\u00e9 du travail de RHIEC et le rapport connexe repr\u00e9sentent l\u2019\u00e9tat actuel du secteur et fournissent une projection sur cinq ans.\" \/>\n<meta property=\"og:url\" content=\"https:\/\/ehrc.ca\/fr\/labour-market-intelligence-reporting\/\" \/>\n<meta property=\"og:site_name\" content=\"Electricity Human Resources Canada\" \/>\n<meta property=\"article:modified_time\" content=\"2023-08-10T14:13:53+00:00\" \/>\n<meta name=\"twitter:card\" content=\"summary_large_image\" \/>\n<script type=\"application\/ld+json\" class=\"yoast-schema-graph\">{\"@context\":\"https:\\\/\\\/schema.org\",\"@graph\":[{\"@type\":\"WebPage\",\"@id\":\"https:\\\/\\\/ehrc.ca\\\/fr\\\/labour-market-intelligence-reporting\\\/\",\"url\":\"https:\\\/\\\/ehrc.ca\\\/fr\\\/labour-market-intelligence-reporting\\\/\",\"name\":\"Rapports relatifs \u00e0 l\u2019information sur le march\u00e9 du travail - Electricity Human Resources Canada\",\"isPartOf\":{\"@id\":\"https:\\\/\\\/ehrc.ca\\\/#website\"},\"datePublished\":\"2023-04-19T04:38:59+00:00\",\"dateModified\":\"2023-08-10T14:13:53+00:00\",\"breadcrumb\":{\"@id\":\"https:\\\/\\\/ehrc.ca\\\/fr\\\/labour-market-intelligence-reporting\\\/#breadcrumb\"},\"inLanguage\":\"fr-FR\",\"potentialAction\":[{\"@type\":\"ReadAction\",\"target\":[\"https:\\\/\\\/ehrc.ca\\\/fr\\\/labour-market-intelligence-reporting\\\/\"]}]},{\"@type\":\"BreadcrumbList\",\"@id\":\"https:\\\/\\\/ehrc.ca\\\/fr\\\/labour-market-intelligence-reporting\\\/#breadcrumb\",\"itemListElement\":[{\"@type\":\"ListItem\",\"position\":1,\"name\":\"Home\",\"item\":\"https:\\\/\\\/ehrc.ca\\\/fr\\\/home\\\/\"},{\"@type\":\"ListItem\",\"position\":2,\"name\":\"Rapports relatifs \u00e0 l\u2019information sur le march\u00e9 du travail\"}]},{\"@type\":\"WebSite\",\"@id\":\"https:\\\/\\\/ehrc.ca\\\/#website\",\"url\":\"https:\\\/\\\/ehrc.ca\\\/\",\"name\":\"Electricity Human Resources Canada\",\"description\":\"Improving our industry, together.\",\"potentialAction\":[{\"@type\":\"SearchAction\",\"target\":{\"@type\":\"EntryPoint\",\"urlTemplate\":\"https:\\\/\\\/ehrc.ca\\\/?s={search_term_string}\"},\"query-input\":{\"@type\":\"PropertyValueSpecification\",\"valueRequired\":true,\"valueName\":\"search_term_string\"}}],\"inLanguage\":\"fr-FR\"}]}<\/script>\n<!-- \/ Yoast SEO plugin. -->","yoast_head_json":{"title":"Rapports relatifs \u00e0 l\u2019information sur le march\u00e9 du travail - Electricity Human Resources Canada","description":"Le sondage sur le march\u00e9 du travail de RHIEC et le rapport connexe repr\u00e9sentent l\u2019\u00e9tat actuel du secteur et fournissent une projection sur cinq ans.","robots":{"index":"index","follow":"follow","max-snippet":"max-snippet:-1","max-image-preview":"max-image-preview:large","max-video-preview":"max-video-preview:-1"},"canonical":"https:\/\/ehrc.ca\/fr\/labour-market-intelligence-reporting\/","og_locale":"fr_FR","og_type":"article","og_title":"Rapports relatifs \u00e0 l\u2019information sur le march\u00e9 du travail - Electricity Human Resources Canada","og_description":"Le sondage sur le march\u00e9 du travail de RHIEC et le rapport connexe repr\u00e9sentent l\u2019\u00e9tat actuel du secteur et fournissent une projection sur cinq ans.","og_url":"https:\/\/ehrc.ca\/fr\/labour-market-intelligence-reporting\/","og_site_name":"Electricity Human Resources Canada","article_modified_time":"2023-08-10T14:13:53+00:00","twitter_card":"summary_large_image","schema":{"@context":"https:\/\/schema.org","@graph":[{"@type":"WebPage","@id":"https:\/\/ehrc.ca\/fr\/labour-market-intelligence-reporting\/","url":"https:\/\/ehrc.ca\/fr\/labour-market-intelligence-reporting\/","name":"Rapports relatifs \u00e0 l\u2019information sur le march\u00e9 du travail - Electricity Human Resources Canada","isPartOf":{"@id":"https:\/\/ehrc.ca\/#website"},"datePublished":"2023-04-19T04:38:59+00:00","dateModified":"2023-08-10T14:13:53+00:00","breadcrumb":{"@id":"https:\/\/ehrc.ca\/fr\/labour-market-intelligence-reporting\/#breadcrumb"},"inLanguage":"fr-FR","potentialAction":[{"@type":"ReadAction","target":["https:\/\/ehrc.ca\/fr\/labour-market-intelligence-reporting\/"]}]},{"@type":"BreadcrumbList","@id":"https:\/\/ehrc.ca\/fr\/labour-market-intelligence-reporting\/#breadcrumb","itemListElement":[{"@type":"ListItem","position":1,"name":"Home","item":"https:\/\/ehrc.ca\/fr\/home\/"},{"@type":"ListItem","position":2,"name":"Rapports relatifs \u00e0 l\u2019information sur le march\u00e9 du travail"}]},{"@type":"WebSite","@id":"https:\/\/ehrc.ca\/#website","url":"https:\/\/ehrc.ca\/","name":"Electricity Human Resources Canada","description":"Improving our industry, together.","potentialAction":[{"@type":"SearchAction","target":{"@type":"EntryPoint","urlTemplate":"https:\/\/ehrc.ca\/?s={search_term_string}"},"query-input":{"@type":"PropertyValueSpecification","valueRequired":true,"valueName":"search_term_string"}}],"inLanguage":"fr-FR"}]}},"_links":{"self":[{"href":"https:\/\/ehrc.ca\/fr\/wp-json\/wp\/v2\/pages\/47852","targetHints":{"allow":["GET"]}}],"collection":[{"href":"https:\/\/ehrc.ca\/fr\/wp-json\/wp\/v2\/pages"}],"about":[{"href":"https:\/\/ehrc.ca\/fr\/wp-json\/wp\/v2\/types\/page"}],"author":[{"embeddable":true,"href":"https:\/\/ehrc.ca\/fr\/wp-json\/wp\/v2\/users\/3"}],"replies":[{"embeddable":true,"href":"https:\/\/ehrc.ca\/fr\/wp-json\/wp\/v2\/comments?post=47852"}],"version-history":[{"count":0,"href":"https:\/\/ehrc.ca\/fr\/wp-json\/wp\/v2\/pages\/47852\/revisions"}],"wp:attachment":[{"href":"https:\/\/ehrc.ca\/fr\/wp-json\/wp\/v2\/media?parent=47852"}],"wp:term":[{"taxonomy":"category","embeddable":true,"href":"https:\/\/ehrc.ca\/fr\/wp-json\/wp\/v2\/categories?post=47852"}],"curies":[{"name":"wp","href":"https:\/\/api.w.org\/{rel}","templated":true}]}}