{"id":47850,"date":"2023-03-02T14:51:58","date_gmt":"2023-03-02T19:51:58","guid":{"rendered":"https:\/\/ehrc-rebuild.paperleaftest.com\/who-we-are\/"},"modified":"2026-04-13T13:48:35","modified_gmt":"2026-04-13T17:48:35","slug":"a-propos","status":"publish","type":"page","link":"https:\/\/ehrc.ca\/fr\/a-propos\/","title":{"rendered":"\u00c0 propos de nous"},"content":{"rendered":"","protected":false},"excerpt":{"rendered":"","protected":false},"author":3,"featured_media":0,"parent":0,"menu_order":0,"comment_status":"closed","ping_status":"closed","template":"template-about-us.php","meta":{"_acf_changed":false,"_relevanssi_hide_post":"","_relevanssi_hide_content":"","_relevanssi_pin_for_all":"","_relevanssi_pin_keywords":"","_relevanssi_unpin_keywords":"","_relevanssi_related_keywords":"","_relevanssi_related_include_ids":"","_relevanssi_related_exclude_ids":"","_relevanssi_related_no_append":"","_relevanssi_related_not_related":"","_relevanssi_related_posts":"","_relevanssi_noindex_reason":"","footnotes":""},"categories":[170],"class_list":["post-47850","page","type-page","status-publish","hentry","category-about-fr"],"acf":{"page_header":{"":null,"description":"Ressources humaines, industrie \u00e9lectrique du Canada (RHIEC) est la source d\u2019informations, de programmes et d\u2019outils en mati\u00e8re de RH la plus fiable du secteur.","link":null,"image_id":44423,"image_alt_text":"Lignes \u00e9lectriques avec une ville canadienne en arri\u00e8re-plan"},"pagebuilder":[{"acf_fc_layout":"content_block","background_colour":"--ehrc-white","heading":"Qui nous sommes","description":"","rows":[{"acf_fc_layout":"single_column","column_1":{"type":"text","content":"L\u2019industrie \u00e9lectrique \u00e9volue rapidement. L\u2019\u00e9mergence de nouvelles technologies, l\u2019\u00e9lectrification de secteurs de l\u2019\u00e9conomie qui n\u2019\u00e9taient pas \u00e9lectrifi\u00e9s auparavant et la d\u00e9carbonisation plus r\u00e9pandue font en sorte qu\u2019il est n\u00e9cessaire d\u2019attirer un nombre de personnes qualifi\u00e9es jamais vu auparavant au sein l\u2019industrie. Le Canada entreprend un projet d\u2019\u00e9dification de la nation sans pr\u00e9c\u00e9dent, et Ressources humaines, industrie \u00e9lectrique du Canada (RHIEC) se trouve aux premi\u00e8res lignes en mati\u00e8re d\u2019information sur le march\u00e9 du travail et de la planification de la main-d\u2019\u0153uvre.\r\n\r\nRHIEC r\u00e9alise des \u00e9tudes exhaustives de l\u2019information sur le march\u00e9 du travail (IMT) afin de comprendre o\u00f9 apparaissent de nouveaux \u00e9carts en mati\u00e8re d\u2019emploi au sein de l\u2019industrie et quels sont les nouveaux r\u00f4les qui se dessinent. Ces donn\u00e9es sont ensuite traduites en programmes concrets visant \u00e0 encourager un recrutement et une r\u00e9tention plus diversifi\u00e9s, \u00e0 attirer un public plus jeune et \u00e0 veiller \u00e0 ce que la planification de la rel\u00e8ve, la gestion du changement et le transfert des connaissances soient fond\u00e9s sur les meilleures pratiques dans l\u2019ensemble de l\u2019industrie. Lorsqu\u2019il est temps de collaborer au sein du secteur, RHIEC r\u00e9pond \u00e0 l\u2019appel.","aspect_ratio":"4:3","visual_accent":false,"":null,"image_id":null,"image_alt_text":""}},{"acf_fc_layout":"three_columns","column_1":{"type":"text","content":"<h4>Prendre contact et se\u00a0r\u00e9unir<\/h4>\r\nR\u00e9unir les employeur\u00b7euse\u00b7s, les travailleur\u00b7euse\u00b7s, les syndicats, les \u00e9ducateur\u00b7rice\u00b7s, les gouvernements ainsi que d\u2019autres parties prenantes.","aspect_ratio":"4:3","visual_accent":false,"":null,"image_id":null,"image_alt_text":""},"column_2":{"type":"text","content":"<h4>Recherches pour\u00a0l\u2019industrie<\/h4>\r\nComprendre la main-d\u2019\u0153uvre du secteur canadien de l\u2019\u00e9lectricit\u00e9 et pr\u00e9voir les besoins de l\u2019avenir.","aspect_ratio":"4:3","visual_accent":false,"":null,"image_id":null,"image_alt_text":""},"column_3":{"type":"text","content":"<h4>Solutions\u00a0concr\u00e8tes<\/h4>\r\nOffrir un leadership \u00e9clair\u00e9 qui cr\u00e9e des programmes, des ressources et des outils visant \u00e0 r\u00e9pondre aux besoins de notre secteur.","aspect_ratio":"4:3","visual_accent":false,"":null,"image_id":null,"image_alt_text":""}}],"custom_navigation_label":"Qui nous sommes"},{"acf_fc_layout":"content_block","background_colour":"--ehrc-light-grey","heading":"Mission, vision et mandat","description":"Ressources humaines, industrie \u00e9lectrique du Canada est un organisme \u00e0 but non lucratif qui r\u00e9pond aux besoins en mati\u00e8re de ressources humaines au sein du secteur canadien de l\u2019\u00e9lectricit\u00e9 et des \u00e9nergies renouvelables.","rows":[{"acf_fc_layout":"two_columns","column_1":{"type":"text","content":"<h4>Notre mission<\/h4>\r\n<ul>\r\n \t<li>B\u00e2tir une main-d\u2019\u0153uvre de calibre mondial pour le secteur de l\u2019\u00e9lectricit\u00e9.<\/li>\r\n<\/ul>\r\n<h4>Notre vision<\/h4>\r\n<ul>\r\n \t<li>Renforcer la capacit\u00e9 d\u2019une main-d\u2019\u0153uvre ax\u00e9e sur la s\u00e9curit\u00e9, innovatrice et inclusive au sein du secteur de l\u2019\u00e9lectricit\u00e9.<\/li>\r\n<\/ul>\r\n<h4>Notre mandat<\/h4>\r\nNous sommes une organisation motiv\u00e9e par de solides valeurs et d\u00e9termin\u00e9e \u00e0 am\u00e9liorer le rendement de notre secteur, la croissance de l\u2019\u00e9conomie canadienne ainsi que la stabilit\u00e9 de notre r\u00e9seau \u00e9lectrique. Notre principal mandat est le suivant :\r\n<ul>\r\n \t<li>Fournir des renseignements commerciaux essentiels pour \u00e9clairer la prise de d\u00e9cisions sur le march\u00e9 du travail.<\/li>\r\n \t<li>\u00c9tablir des partenariats qui favorisent l\u2019adaptation, le perfectionnement et l\u2019innovation au sein de l\u2019industrie.<\/li>\r\n \t<li>Agir en tant que chef de file de l\u2019industrie pour b\u00e2tir et maintenir une main-d\u2019\u0153uvre qualifi\u00e9e et inclusive.<\/li>\r\n \t<li>Inspirer la main-d\u2019\u0153uvre de l\u2019avenir \u00e0 b\u00e2tir une \u00e9conomie \u00e0 faibles \u00e9missions de carbone.<\/li>\r\n<\/ul>","aspect_ratio":"4_3","visual_accent":true,"":null,"image_id":42849,"image_alt_text":"Three workers wearing safety gear walking together in a darkened facility"},"column_2":{"type":"image","content":"<h3>Our Values<\/h3>\r\nWe are a values-driven organization, committed to the improvement of our sector, the growth of Canada\u2019s economy, and the stability of our power grid. Our core values are:\r\n<ul>\r\n \t<li>Collaboration: Working with all stakeholders in Canada\u2019s electricity for our mutual benefit.<\/li>\r\n \t<li>Trust: Forging relationships and products built on unwavering integrity.<\/li>\r\n \t<li>Innovation:Leading the industry to be future-ready.<\/li>\r\n<\/ul>","aspect_ratio":"4_3","visual_accent":true,"":null,"image_id":44427,"image_alt_text":"Deux travailleurs portant un \u00e9quipement de s\u00e9curit\u00e9 inspectant des panneaux solaires"}}],"custom_navigation_label":"Mission, vision et mandat"}]},"yoast_head":"<!-- This site is optimized with the Yoast SEO plugin v27.3 - https:\/\/yoast.com\/product\/yoast-seo-wordpress\/ -->\n<title>\u00c0 propos de nous - Electricity Human Resources Canada<\/title>\n<meta name=\"description\" content=\"Ressources humaines, industrie \u00e9lectrique du Canada (RHIEC) est la source d\u2019informations, de programmes et d\u2019outils en mati\u00e8re de RH la plus fiable du secteur.\" \/>\n<meta name=\"robots\" content=\"index, follow, max-snippet:-1, max-image-preview:large, max-video-preview:-1\" \/>\n<link rel=\"canonical\" href=\"https:\/\/ehrc.ca\/fr\/a-propos\/\" \/>\n<meta property=\"og:locale\" content=\"fr_FR\" \/>\n<meta property=\"og:type\" content=\"article\" \/>\n<meta property=\"og:title\" content=\"\u00c0 propos de nous - Electricity Human Resources Canada\" \/>\n<meta property=\"og:description\" content=\"Ressources humaines, industrie \u00e9lectrique du Canada (RHIEC) est la source d\u2019informations, de programmes et d\u2019outils en mati\u00e8re de RH la plus fiable du secteur.\" \/>\n<meta property=\"og:url\" content=\"https:\/\/ehrc.ca\/fr\/a-propos\/\" \/>\n<meta property=\"og:site_name\" content=\"Electricity Human Resources Canada\" \/>\n<meta property=\"article:modified_time\" content=\"2026-04-13T17:48:35+00:00\" \/>\n<meta name=\"twitter:card\" content=\"summary_large_image\" \/>\n<script type=\"application\/ld+json\" class=\"yoast-schema-graph\">{\"@context\":\"https:\\\/\\\/schema.org\",\"@graph\":[{\"@type\":\"WebPage\",\"@id\":\"https:\\\/\\\/ehrc.ca\\\/fr\\\/a-propos\\\/\",\"url\":\"https:\\\/\\\/ehrc.ca\\\/fr\\\/a-propos\\\/\",\"name\":\"\u00c0 propos de nous - Electricity Human Resources Canada\",\"isPartOf\":{\"@id\":\"https:\\\/\\\/ehrc.ca\\\/#website\"},\"datePublished\":\"2023-03-02T19:51:58+00:00\",\"dateModified\":\"2026-04-13T17:48:35+00:00\",\"breadcrumb\":{\"@id\":\"https:\\\/\\\/ehrc.ca\\\/fr\\\/a-propos\\\/#breadcrumb\"},\"inLanguage\":\"fr-FR\",\"potentialAction\":[{\"@type\":\"ReadAction\",\"target\":[\"https:\\\/\\\/ehrc.ca\\\/fr\\\/a-propos\\\/\"]}]},{\"@type\":\"BreadcrumbList\",\"@id\":\"https:\\\/\\\/ehrc.ca\\\/fr\\\/a-propos\\\/#breadcrumb\",\"itemListElement\":[{\"@type\":\"ListItem\",\"position\":1,\"name\":\"Home\",\"item\":\"https:\\\/\\\/ehrc.ca\\\/fr\\\/home\\\/\"},{\"@type\":\"ListItem\",\"position\":2,\"name\":\"\u00c0 propos de nous\"}]},{\"@type\":\"WebSite\",\"@id\":\"https:\\\/\\\/ehrc.ca\\\/#website\",\"url\":\"https:\\\/\\\/ehrc.ca\\\/\",\"name\":\"Electricity Human Resources Canada\",\"description\":\"Improving our industry, together.\",\"potentialAction\":[{\"@type\":\"SearchAction\",\"target\":{\"@type\":\"EntryPoint\",\"urlTemplate\":\"https:\\\/\\\/ehrc.ca\\\/?s={search_term_string}\"},\"query-input\":{\"@type\":\"PropertyValueSpecification\",\"valueRequired\":true,\"valueName\":\"search_term_string\"}}],\"inLanguage\":\"fr-FR\"}]}<\/script>\n<!-- \/ Yoast SEO plugin. -->","yoast_head_json":{"title":"\u00c0 propos de nous - Electricity Human Resources Canada","description":"Ressources humaines, industrie \u00e9lectrique du Canada (RHIEC) est la source d\u2019informations, de programmes et d\u2019outils en mati\u00e8re de RH la plus fiable du secteur.","robots":{"index":"index","follow":"follow","max-snippet":"max-snippet:-1","max-image-preview":"max-image-preview:large","max-video-preview":"max-video-preview:-1"},"canonical":"https:\/\/ehrc.ca\/fr\/a-propos\/","og_locale":"fr_FR","og_type":"article","og_title":"\u00c0 propos de nous - Electricity Human Resources Canada","og_description":"Ressources humaines, industrie \u00e9lectrique du Canada (RHIEC) est la source d\u2019informations, de programmes et d\u2019outils en mati\u00e8re de RH la plus fiable du secteur.","og_url":"https:\/\/ehrc.ca\/fr\/a-propos\/","og_site_name":"Electricity Human Resources Canada","article_modified_time":"2026-04-13T17:48:35+00:00","twitter_card":"summary_large_image","schema":{"@context":"https:\/\/schema.org","@graph":[{"@type":"WebPage","@id":"https:\/\/ehrc.ca\/fr\/a-propos\/","url":"https:\/\/ehrc.ca\/fr\/a-propos\/","name":"\u00c0 propos de nous - Electricity Human Resources Canada","isPartOf":{"@id":"https:\/\/ehrc.ca\/#website"},"datePublished":"2023-03-02T19:51:58+00:00","dateModified":"2026-04-13T17:48:35+00:00","breadcrumb":{"@id":"https:\/\/ehrc.ca\/fr\/a-propos\/#breadcrumb"},"inLanguage":"fr-FR","potentialAction":[{"@type":"ReadAction","target":["https:\/\/ehrc.ca\/fr\/a-propos\/"]}]},{"@type":"BreadcrumbList","@id":"https:\/\/ehrc.ca\/fr\/a-propos\/#breadcrumb","itemListElement":[{"@type":"ListItem","position":1,"name":"Home","item":"https:\/\/ehrc.ca\/fr\/home\/"},{"@type":"ListItem","position":2,"name":"\u00c0 propos de nous"}]},{"@type":"WebSite","@id":"https:\/\/ehrc.ca\/#website","url":"https:\/\/ehrc.ca\/","name":"Electricity Human Resources Canada","description":"Improving our industry, together.","potentialAction":[{"@type":"SearchAction","target":{"@type":"EntryPoint","urlTemplate":"https:\/\/ehrc.ca\/?s={search_term_string}"},"query-input":{"@type":"PropertyValueSpecification","valueRequired":true,"valueName":"search_term_string"}}],"inLanguage":"fr-FR"}]}},"_links":{"self":[{"href":"https:\/\/ehrc.ca\/fr\/wp-json\/wp\/v2\/pages\/47850","targetHints":{"allow":["GET"]}}],"collection":[{"href":"https:\/\/ehrc.ca\/fr\/wp-json\/wp\/v2\/pages"}],"about":[{"href":"https:\/\/ehrc.ca\/fr\/wp-json\/wp\/v2\/types\/page"}],"author":[{"embeddable":true,"href":"https:\/\/ehrc.ca\/fr\/wp-json\/wp\/v2\/users\/3"}],"replies":[{"embeddable":true,"href":"https:\/\/ehrc.ca\/fr\/wp-json\/wp\/v2\/comments?post=47850"}],"version-history":[{"count":39,"href":"https:\/\/ehrc.ca\/fr\/wp-json\/wp\/v2\/pages\/47850\/revisions"}],"predecessor-version":[{"id":55650,"href":"https:\/\/ehrc.ca\/fr\/wp-json\/wp\/v2\/pages\/47850\/revisions\/55650"}],"wp:attachment":[{"href":"https:\/\/ehrc.ca\/fr\/wp-json\/wp\/v2\/media?parent=47850"}],"wp:term":[{"taxonomy":"category","embeddable":true,"href":"https:\/\/ehrc.ca\/fr\/wp-json\/wp\/v2\/categories?post=47850"}],"curies":[{"name":"wp","href":"https:\/\/api.w.org\/{rel}","templated":true}]}}