{"id":47821,"date":"2022-11-30T05:53:18","date_gmt":"2022-11-30T10:53:18","guid":{"rendered":"https:\/\/ehrc-rebuild.paperleaftest.com\/job-board\/"},"modified":"2025-05-01T16:12:04","modified_gmt":"2025-05-01T20:12:04","slug":"tableau-daffichage-des-offres-demploi","status":"publish","type":"page","link":"https:\/\/ehrc.ca\/fr\/tableau-daffichage-des-offres-demploi\/","title":{"rendered":"Site d\u2019emplois"},"content":{"rendered":"","protected":false},"excerpt":{"rendered":"","protected":false},"author":3,"featured_media":0,"parent":0,"menu_order":12,"comment_status":"closed","ping_status":"closed","template":"","meta":{"_acf_changed":false,"_relevanssi_hide_post":"","_relevanssi_hide_content":"","_relevanssi_pin_for_all":"","_relevanssi_pin_keywords":"","_relevanssi_unpin_keywords":"","_relevanssi_related_keywords":"","_relevanssi_related_include_ids":"","_relevanssi_related_exclude_ids":"","_relevanssi_related_no_append":"","_relevanssi_related_not_related":"","_relevanssi_related_posts":"","_relevanssi_noindex_reason":"","footnotes":""},"categories":[167],"class_list":["post-47821","page","type-page","status-publish","hentry","category-career-development-fr"],"acf":{"page_header":{"":null,"description":"Une plateforme nationale qui met en relation les employeur\u00b7euse\u00b7s et les chercheur\u00b7euse\u00b7s d\u2019emploi dans le secteur de l\u2019\u00e9lectricit\u00e9 au Canada.","link":{"title":"Consulter le site d\u2019emplois","url":"https:\/\/ehrc.fundingforfutures.ca\/job-board","target":"_blank"},"image_id":46693,"image_alt_text":"Ing\u00e9nieure indienne confiante portant un casque et un gilet de protection sur un chantier."},"pagebuilder":[{"acf_fc_layout":"content_block","background_colour":"--ehrc-white","heading":"Explorez un monde de possibilit\u00e9s","description":"","rows":[{"acf_fc_layout":"two_columns","column_1":{"type":"text","content":"<p class=\"body-large\">Le site d\u2019emplois de RHIEC est un excellent outil pour cr\u00e9er un profil professionnel, parcourir les offres d\u2019emploi et entrer en contact avec les employeur\u00b7euse\u00b7s. Pour les employeur\u00b7euse\u00b7s, il s\u2019agit de l\u2019endroit o\u00f9 aller pour trouver des candidat\u00b7e\u00b7s qui cherchent \u00e0 entrer en priorit\u00e9 dans le secteur de l\u2019\u00e9lectricit\u00e9.<\/p>\r\nInscrivez-vous d\u00e8s aujourd\u2019hui pour d\u00e9couvrir des carri\u00e8res gratifiantes\u00a0: gens de m\u00e9tier, ing\u00e9nieur\u00b7e\u00b7s, technicien\u00b7ne\u00b7s, technologues ainsi qu\u2019un large \u00e9ventail d\u2019autres postes dans les ressources humaines, les finances, le service juridique, les technologies de l\u2019information, le service \u00e0 la client\u00e8le, le d\u00e9veloppement des affaires et les ventes. Tous les postes sont n\u00e9cessaires dans le secteur croissant de l\u2019\u00e9lectricit\u00e9 au Canada.\r\n<ul>\r\n \t<li>Acc\u00e9dez aux offres d\u2019emploi de tout le Canada. Acc\u00e9l\u00e9rez la recherche d\u2019un emploi en personnalisant votre profil.<\/li>\r\n \t<li>Trouvez des possibilit\u00e9s de programme COOP et de stages r\u00e9mun\u00e9r\u00e9s et pratiques pour \u00e9tudiant\u00b7e\u00b7s sur un tableau connect\u00e9 \u00e0 des sites d\u2019emplois postsecondaires repr\u00e9sentant plus de 80 % de la population \u00e9tudiante du Canada.<\/li>\r\n \t<li>Profitez de configurations et d\u2019outils puissants pour trouver le\u00b7la candidat\u00b7e id\u00e9al\u00b7e dont le profil correspond parfaitement \u00e0 un poste pr\u00e9cis.<\/li>\r\n<\/ul>\r\n<p class=\"button-primary\"><a class=\"link\" href=\"https:\/\/ehrc.fundingforfutures.ca\/job-board\" target=\"_blank\" rel=\"noopener\">S\u2019inscrire au site d\u2019emplois<\/a><\/p>","aspect_ratio":"4:3","visual_accent":false,"":null,"image_id":null,"image_alt_text":""},"column_2":{"type":"image","content":"","aspect_ratio":"4_3","visual_accent":true,"":null,"image_id":44409,"image_alt_text":"Des ing\u00e9nieur\u00b7e\u00b7s inspectant des panneaux solaires install\u00e9s sur un toit au coucher du soleil."}}],"custom_navigation_label":""},{"acf_fc_layout":"content_block","background_colour":"--ehrc-white","heading":"La diversification de la main-d\u2019\u0153uvre est notre avenir","description":"","rows":[{"acf_fc_layout":"two_columns","column_1":{"type":"image","content":"","aspect_ratio":"auto","visual_accent":false,"":null,"image_id":46696,"image_alt_text":"Homme montrant la technologie des panneaux solaires \u00e0 une \u00e9tudiante"},"column_2":{"type":"text","content":"<h4>Embauchez les meilleurs talents de la nouvelle g\u00e9n\u00e9ration<\/h4>\r\n<ul>\r\n \t<li>Acc\u00e9dez aux programmes et subventions de RHIEC pour l\u2019embauche et la formation des jeunes, des nouveaux\u00b7elles arrivant\u00b7e\u00b7s au Canada ou des travailleur\u00b7euse\u00b7s provenant d\u2019autres secteurs.<\/li>\r\n \t<li>Faites appel \u00e0 de nouvelles comp\u00e9tences et perspectives gr\u00e2ce \u00e0 des aides financi\u00e8res qui facilitent l\u2019embauche.<\/li>\r\n<\/ul>\r\n<p class=\"button-secondary\"><a href=\"https:\/\/ehrc.fundingforfutures.ca\/\">Obtenir du financement<\/a><\/p>","aspect_ratio":"4:3","visual_accent":false,"":null,"image_id":null,"image_alt_text":""}}],"custom_navigation_label":"Jeunes et \u00e9l\u00e8ves sur le march\u00e9 du travail"}]},"yoast_head":"<!-- This site is optimized with the Yoast SEO plugin v27.3 - https:\/\/yoast.com\/product\/yoast-seo-wordpress\/ -->\n<title>Site d\u2019emplois - Electricity Human Resources Canada<\/title>\n<meta name=\"description\" content=\"Une plateforme nationale qui met en relation les employeur\u00b7euse\u00b7s et les chercheur\u00b7euse\u00b7s d\u2019emploi dans le secteur de l\u2019\u00e9lectricit\u00e9 au Canada.\" \/>\n<meta name=\"robots\" content=\"index, follow, max-snippet:-1, max-image-preview:large, max-video-preview:-1\" \/>\n<link rel=\"canonical\" href=\"https:\/\/ehrc.ca\/fr\/tableau-daffichage-des-offres-demploi\/\" \/>\n<meta property=\"og:locale\" content=\"fr_FR\" \/>\n<meta property=\"og:type\" content=\"article\" \/>\n<meta property=\"og:title\" content=\"Site d\u2019emplois - Electricity Human Resources Canada\" \/>\n<meta property=\"og:description\" content=\"Une plateforme nationale qui met en relation les employeur\u00b7euse\u00b7s et les chercheur\u00b7euse\u00b7s d\u2019emploi dans le secteur de l\u2019\u00e9lectricit\u00e9 au Canada.\" \/>\n<meta property=\"og:url\" content=\"https:\/\/ehrc.ca\/fr\/tableau-daffichage-des-offres-demploi\/\" \/>\n<meta property=\"og:site_name\" content=\"Electricity Human Resources Canada\" \/>\n<meta property=\"article:modified_time\" content=\"2025-05-01T20:12:04+00:00\" \/>\n<meta name=\"twitter:card\" content=\"summary_large_image\" \/>\n<script type=\"application\/ld+json\" class=\"yoast-schema-graph\">{\"@context\":\"https:\\\/\\\/schema.org\",\"@graph\":[{\"@type\":\"WebPage\",\"@id\":\"https:\\\/\\\/ehrc.ca\\\/fr\\\/tableau-daffichage-des-offres-demploi\\\/\",\"url\":\"https:\\\/\\\/ehrc.ca\\\/fr\\\/tableau-daffichage-des-offres-demploi\\\/\",\"name\":\"Site d\u2019emplois - Electricity Human Resources Canada\",\"isPartOf\":{\"@id\":\"https:\\\/\\\/ehrc.ca\\\/#website\"},\"datePublished\":\"2022-11-30T10:53:18+00:00\",\"dateModified\":\"2025-05-01T20:12:04+00:00\",\"breadcrumb\":{\"@id\":\"https:\\\/\\\/ehrc.ca\\\/fr\\\/tableau-daffichage-des-offres-demploi\\\/#breadcrumb\"},\"inLanguage\":\"fr-FR\",\"potentialAction\":[{\"@type\":\"ReadAction\",\"target\":[\"https:\\\/\\\/ehrc.ca\\\/fr\\\/tableau-daffichage-des-offres-demploi\\\/\"]}]},{\"@type\":\"BreadcrumbList\",\"@id\":\"https:\\\/\\\/ehrc.ca\\\/fr\\\/tableau-daffichage-des-offres-demploi\\\/#breadcrumb\",\"itemListElement\":[{\"@type\":\"ListItem\",\"position\":1,\"name\":\"Home\",\"item\":\"https:\\\/\\\/ehrc.ca\\\/fr\\\/home\\\/\"},{\"@type\":\"ListItem\",\"position\":2,\"name\":\"Site d\u2019emplois\"}]},{\"@type\":\"WebSite\",\"@id\":\"https:\\\/\\\/ehrc.ca\\\/#website\",\"url\":\"https:\\\/\\\/ehrc.ca\\\/\",\"name\":\"Electricity Human Resources Canada\",\"description\":\"Improving our industry, together.\",\"potentialAction\":[{\"@type\":\"SearchAction\",\"target\":{\"@type\":\"EntryPoint\",\"urlTemplate\":\"https:\\\/\\\/ehrc.ca\\\/?s={search_term_string}\"},\"query-input\":{\"@type\":\"PropertyValueSpecification\",\"valueRequired\":true,\"valueName\":\"search_term_string\"}}],\"inLanguage\":\"fr-FR\"}]}<\/script>\n<!-- \/ Yoast SEO plugin. -->","yoast_head_json":{"title":"Site d\u2019emplois - Electricity Human Resources Canada","description":"Une plateforme nationale qui met en relation les employeur\u00b7euse\u00b7s et les chercheur\u00b7euse\u00b7s d\u2019emploi dans le secteur de l\u2019\u00e9lectricit\u00e9 au Canada.","robots":{"index":"index","follow":"follow","max-snippet":"max-snippet:-1","max-image-preview":"max-image-preview:large","max-video-preview":"max-video-preview:-1"},"canonical":"https:\/\/ehrc.ca\/fr\/tableau-daffichage-des-offres-demploi\/","og_locale":"fr_FR","og_type":"article","og_title":"Site d\u2019emplois - Electricity Human Resources Canada","og_description":"Une plateforme nationale qui met en relation les employeur\u00b7euse\u00b7s et les chercheur\u00b7euse\u00b7s d\u2019emploi dans le secteur de l\u2019\u00e9lectricit\u00e9 au Canada.","og_url":"https:\/\/ehrc.ca\/fr\/tableau-daffichage-des-offres-demploi\/","og_site_name":"Electricity Human Resources Canada","article_modified_time":"2025-05-01T20:12:04+00:00","twitter_card":"summary_large_image","schema":{"@context":"https:\/\/schema.org","@graph":[{"@type":"WebPage","@id":"https:\/\/ehrc.ca\/fr\/tableau-daffichage-des-offres-demploi\/","url":"https:\/\/ehrc.ca\/fr\/tableau-daffichage-des-offres-demploi\/","name":"Site d\u2019emplois - Electricity Human Resources Canada","isPartOf":{"@id":"https:\/\/ehrc.ca\/#website"},"datePublished":"2022-11-30T10:53:18+00:00","dateModified":"2025-05-01T20:12:04+00:00","breadcrumb":{"@id":"https:\/\/ehrc.ca\/fr\/tableau-daffichage-des-offres-demploi\/#breadcrumb"},"inLanguage":"fr-FR","potentialAction":[{"@type":"ReadAction","target":["https:\/\/ehrc.ca\/fr\/tableau-daffichage-des-offres-demploi\/"]}]},{"@type":"BreadcrumbList","@id":"https:\/\/ehrc.ca\/fr\/tableau-daffichage-des-offres-demploi\/#breadcrumb","itemListElement":[{"@type":"ListItem","position":1,"name":"Home","item":"https:\/\/ehrc.ca\/fr\/home\/"},{"@type":"ListItem","position":2,"name":"Site d\u2019emplois"}]},{"@type":"WebSite","@id":"https:\/\/ehrc.ca\/#website","url":"https:\/\/ehrc.ca\/","name":"Electricity Human Resources Canada","description":"Improving our industry, together.","potentialAction":[{"@type":"SearchAction","target":{"@type":"EntryPoint","urlTemplate":"https:\/\/ehrc.ca\/?s={search_term_string}"},"query-input":{"@type":"PropertyValueSpecification","valueRequired":true,"valueName":"search_term_string"}}],"inLanguage":"fr-FR"}]}},"_links":{"self":[{"href":"https:\/\/ehrc.ca\/fr\/wp-json\/wp\/v2\/pages\/47821","targetHints":{"allow":["GET"]}}],"collection":[{"href":"https:\/\/ehrc.ca\/fr\/wp-json\/wp\/v2\/pages"}],"about":[{"href":"https:\/\/ehrc.ca\/fr\/wp-json\/wp\/v2\/types\/page"}],"author":[{"embeddable":true,"href":"https:\/\/ehrc.ca\/fr\/wp-json\/wp\/v2\/users\/3"}],"replies":[{"embeddable":true,"href":"https:\/\/ehrc.ca\/fr\/wp-json\/wp\/v2\/comments?post=47821"}],"version-history":[{"count":3,"href":"https:\/\/ehrc.ca\/fr\/wp-json\/wp\/v2\/pages\/47821\/revisions"}],"predecessor-version":[{"id":54176,"href":"https:\/\/ehrc.ca\/fr\/wp-json\/wp\/v2\/pages\/47821\/revisions\/54176"}],"wp:attachment":[{"href":"https:\/\/ehrc.ca\/fr\/wp-json\/wp\/v2\/media?parent=47821"}],"wp:term":[{"taxonomy":"category","embeddable":true,"href":"https:\/\/ehrc.ca\/fr\/wp-json\/wp\/v2\/categories?post=47821"}],"curies":[{"name":"wp","href":"https:\/\/api.w.org\/{rel}","templated":true}]}}