{"id":47721,"date":"2023-04-19T00:28:51","date_gmt":"2023-04-19T04:28:51","guid":{"rendered":"https:\/\/ehrc-rebuild.paperleaftest.com\/careers\/"},"modified":"2026-03-25T15:42:06","modified_gmt":"2026-03-25T19:42:06","slug":"carrieres","status":"publish","type":"page","link":"https:\/\/ehrc.ca\/fr\/carrieres\/","title":{"rendered":"Carri\u00e8res chez RHIEC"},"content":{"rendered":"","protected":false},"excerpt":{"rendered":"","protected":false},"author":3,"featured_media":0,"parent":0,"menu_order":0,"comment_status":"closed","ping_status":"closed","template":"page-without-sidebar.php","meta":{"_acf_changed":false,"_relevanssi_hide_post":"","_relevanssi_hide_content":"","_relevanssi_pin_for_all":"","_relevanssi_pin_keywords":"","_relevanssi_unpin_keywords":"","_relevanssi_related_keywords":"","_relevanssi_related_include_ids":"","_relevanssi_related_exclude_ids":"","_relevanssi_related_no_append":"","_relevanssi_related_not_related":"","_relevanssi_related_posts":"","_relevanssi_noindex_reason":"","footnotes":""},"categories":[170],"class_list":["post-47721","page","type-page","status-publish","hentry","category-about-fr"],"acf":{"page_header":{"":null,"description":"RHIEC d\u00e9veloppe la main-d\u2019\u0153uvre du secteur \u00e9lectrique avec des outils, donn\u00e9es et programmes pour un avenir inclusif et r\u00e9silient. ","link":{"title":"Consultez les postes ouverts","url":"#postes-disponibles","target":""},"image_id":44445,"image_alt_text":"Pyl\u00f4ne \u00e9lectrique de grande puissance au-dessus des toits de la ville"},"pagebuilder":[{"acf_fc_layout":"content_block","background_colour":"--ehrc-white","heading":"Pourquoi travailler chez RHIEC?","description":"","rows":[{"acf_fc_layout":"two_columns","column_1":{"type":"text","content":"\u00c0 Ressources humaines, industrie \u00e9lectrique du Canada, vous ferez partie d\u2019une \u00e9quipe motiv\u00e9e par sa mission, qui aide le pays \u00e0 traverser l\u2019une des p\u00e9riodes les plus transformatrices de l\u2019histoire \u00e9nerg\u00e9tique. Alors que l\u2019\u00e9lectrification s\u2019acc\u00e9l\u00e8re et que de nouvelles technologies red\u00e9finissent le r\u00e9seau, nous r\u00e9unissons l\u2019industrie, le gouvernement, les syndicats et le milieu de l\u2019\u00e9ducation pour relever les d\u00e9fis li\u00e9s \u00e0 la main-d\u2019\u0153uvre et stimuler l\u2019innovation.\r\n\r\n<strong>Nous sommes en croissance\u2014et nous cherchons des personnes passionn\u00e9es, curieuses et collaboratives pour grandir avec nous.<\/strong>","aspect_ratio":"4:3","visual_accent":false,"":null,"image_id":null,"image_alt_text":""},"column_2":{"type":"image","content":"","aspect_ratio":"4_3","visual_accent":true,"":null,"image_id":46104,"image_alt_text":"Group of colleagues sitting at table and planning work together during a meeting"}}],"custom_navigation_label":""},{"acf_fc_layout":"content_block","background_colour":"--ehrc-light-grey","heading":"Ce que vous pouvez attendre","description":"Nous sommes fiers d\u2019offrir un travail porteur de sens dans un environnement de soutien et tourn\u00e9 vers l\u2019avenir. Vous rejoindrez une \u00e9quipe qui valorise la collaboration, la cr\u00e9ativit\u00e9 et l\u2019impact, avec la flexibilit\u00e9 et les ressources n\u00e9cessaires pour faire \u00e9voluer votre carri\u00e8re tout en contribuant \u00e0 l\u2019avenir \u00e9nerg\u00e9tique du Canada.","rows":[{"acf_fc_layout":"two_columns","column_1":{"type":"text","content":"<h5><strong>Voici ce que nous offrons :<\/strong><\/h5>\r\n<ul>\r\n \t<li><strong>Un travail significatif<\/strong> qui contribue aux politiques nationales, \u00e0 l\u2019\u00e9quit\u00e9 et \u00e0 l\u2019innovation en mati\u00e8re de main-d\u2019\u0153uvre<\/li>\r\n \t<li><strong>Une culture de soutien<\/strong> fond\u00e9e sur la collaboration, l\u2019inclusion et l\u2019apprentissage continu<\/li>\r\n \t<li><strong>De la flexibilit\u00e9 et des possibilit\u00e9s<\/strong> de croissance gr\u00e2ce \u00e0 un environnement de travail hybride et des occasions de perfectionnement professionnel<\/li>\r\n<\/ul>","aspect_ratio":"4:3","visual_accent":false,"":null,"image_id":null,"image_alt_text":""},"column_2":{"type":"text","content":"<h5><strong>En plus, un r\u00e9gime d\u2019avantages sociaux concurrentiel :<\/strong><\/h5>\r\n<ul>\r\n \t<li>15 jours de vacances pay\u00e9es par ann\u00e9e, plus 3 jours suppl\u00e9mentaires en d\u00e9cembre et 1 jour de b\u00e9n\u00e9volat pay\u00e9<\/li>\r\n \t<li>R\u00e9gime flexible d\u2019avantages de sant\u00e9, incluant les m\u00e9dicaments sur ordonnance et un compte de d\u00e9penses de sant\u00e9<\/li>\r\n \t<li>Programme d\u2019aide aux employ\u00e9s<\/li>\r\n \t<li>Cotisations REER jumel\u00e9es par l\u2019employeur apr\u00e8s un an de service<\/li>\r\n \t<li>Possibilit\u00e9s de perfectionnement professionnel et d\u2019\u00e9volution de carri\u00e8re<\/li>\r\n<\/ul>","aspect_ratio":"4:3","visual_accent":false,"":null,"image_id":null,"image_alt_text":""}}],"custom_navigation_label":""},{"acf_fc_layout":"content_block","background_colour":"--ehrc-white","heading":"Votre exp\u00e9rience compte","description":"","rows":[{"acf_fc_layout":"two_columns","column_1":{"type":"image","content":"","aspect_ratio":"4_3","visual_accent":true,"":null,"image_id":51872,"image_alt_text":"Deux personnes se serrant la main dans un bureau"},"column_2":{"type":"text","content":"Chez RHIEC, nous nous engageons \u00e0 b\u00e2tir un milieu de travail diversifi\u00e9, inclusif et authentique. Si notre mission vous enthousiasme, mais que votre exp\u00e9rience ne correspond pas parfaitement \u00e0 chaque exigence du poste, nous vous encourageons tout de m\u00eame \u00e0 postuler. Vous pourriez \u00eatre le candidat id\u00e9al pour ce r\u00f4le\u2014ou pour un autre.\r\n\r\nNous croyons que la diversit\u00e9 des perspectives nous rend plus forts\u2014et si vous pensez \u00eatre un bon choix, nous voulons vous entendre.","aspect_ratio":"4:3","visual_accent":false,"":null,"image_id":null,"image_alt_text":""}}],"custom_navigation_label":""},{"acf_fc_layout":"content_block","background_colour":"--ehrc-light-grey","heading":"\u00c0 propos de RHIEC","description":"","rows":[{"acf_fc_layout":"two_columns","column_1":{"type":"text","content":"L'\u00e9lectricit\u00e9 est un \u00e9l\u00e9ment essentiel de l'\u00e9conomie canadienne, aliment\u00e9e par plus de 100 000 Canadiens qui la g\u00e9n\u00e8rent, la transmettent et la distribuent aux foyers et entreprises \u00e0 travers le pays. Alors que les d\u00e9mographies et la technologie \u00e9voluent, l'industrie doit s'adapter et d\u00e9velopper sa main-d'\u0153uvre qualifi\u00e9e.\r\n\r\n<a href=\"https:\/\/ehrc.ca\/fr\/\">RHIEC<\/a>\u00a0soutient cette transition en fournissant des recherches objectives, des informations et\u00a0des outils sur les tendances du march\u00e9 du travail, aidant la main-d'\u0153uvre \u00e0 rester innovante et \u00e0 am\u00e9liorer la qualit\u00e9 du service. RHIEC est un partenaire de confiance, offrant des solutions bas\u00e9es sur des preuves aux d\u00e9fis des ressources humaines dans le secteur de l'\u00e9lectricit\u00e9.\r\n\r\n<strong><a class=\"wysiwyg-button button-primary\" href=\"https:\/\/ehrc.ca\/fr\/a-propos\/\">\u00c0 propos de nous<\/a><\/strong>","aspect_ratio":"4:3","visual_accent":false,"":null,"image_id":null,"image_alt_text":""},"column_2":{"type":"image","content":"","aspect_ratio":"4_3","visual_accent":true,"":null,"image_id":44573,"image_alt_text":"Two specialists inspect new construction"}}],"custom_navigation_label":""},{"acf_fc_layout":"related_posts","heading":"Postes disponibles","type":"all","post_ids_all":[55079],"related_career_profiles":null,"related_events":null,"related_lm_research":null,"related_posts":null,"related_toolkits":null,"related_webinars":null}]},"yoast_head":"<!-- This site is optimized with the Yoast SEO plugin v27.3 - https:\/\/yoast.com\/product\/yoast-seo-wordpress\/ -->\n<title>Carri\u00e8res chez RHIEC - Electricity Human Resources Canada<\/title>\n<meta name=\"description\" content=\"RHIEC d\u00e9veloppe la main-d\u2019\u0153uvre du secteur \u00e9lectrique avec des outils, donn\u00e9es et programmes pour un avenir inclusif et r\u00e9silient.\" \/>\n<meta name=\"robots\" content=\"index, follow, max-snippet:-1, max-image-preview:large, max-video-preview:-1\" \/>\n<link rel=\"canonical\" href=\"https:\/\/ehrc.ca\/fr\/carrieres\/\" \/>\n<meta property=\"og:locale\" content=\"fr_FR\" \/>\n<meta property=\"og:type\" content=\"article\" \/>\n<meta property=\"og:title\" content=\"Carri\u00e8res chez RHIEC - Electricity Human Resources Canada\" \/>\n<meta property=\"og:description\" content=\"RHIEC d\u00e9veloppe la main-d\u2019\u0153uvre du secteur \u00e9lectrique avec des outils, donn\u00e9es et programmes pour un avenir inclusif et r\u00e9silient.\" \/>\n<meta property=\"og:url\" content=\"https:\/\/ehrc.ca\/fr\/carrieres\/\" \/>\n<meta property=\"og:site_name\" content=\"Electricity Human Resources Canada\" \/>\n<meta property=\"article:modified_time\" content=\"2026-03-25T19:42:06+00:00\" \/>\n<meta name=\"twitter:card\" content=\"summary_large_image\" \/>\n<script type=\"application\/ld+json\" class=\"yoast-schema-graph\">{\"@context\":\"https:\\\/\\\/schema.org\",\"@graph\":[{\"@type\":\"WebPage\",\"@id\":\"https:\\\/\\\/ehrc.ca\\\/fr\\\/carrieres\\\/\",\"url\":\"https:\\\/\\\/ehrc.ca\\\/fr\\\/carrieres\\\/\",\"name\":\"Carri\u00e8res chez RHIEC - Electricity Human Resources Canada\",\"isPartOf\":{\"@id\":\"https:\\\/\\\/ehrc.ca\\\/#website\"},\"datePublished\":\"2023-04-19T04:28:51+00:00\",\"dateModified\":\"2026-03-25T19:42:06+00:00\",\"breadcrumb\":{\"@id\":\"https:\\\/\\\/ehrc.ca\\\/fr\\\/carrieres\\\/#breadcrumb\"},\"inLanguage\":\"fr-FR\",\"potentialAction\":[{\"@type\":\"ReadAction\",\"target\":[\"https:\\\/\\\/ehrc.ca\\\/fr\\\/carrieres\\\/\"]}]},{\"@type\":\"BreadcrumbList\",\"@id\":\"https:\\\/\\\/ehrc.ca\\\/fr\\\/carrieres\\\/#breadcrumb\",\"itemListElement\":[{\"@type\":\"ListItem\",\"position\":1,\"name\":\"Home\",\"item\":\"https:\\\/\\\/ehrc.ca\\\/fr\\\/home\\\/\"},{\"@type\":\"ListItem\",\"position\":2,\"name\":\"Carri\u00e8res chez RHIEC\"}]},{\"@type\":\"WebSite\",\"@id\":\"https:\\\/\\\/ehrc.ca\\\/#website\",\"url\":\"https:\\\/\\\/ehrc.ca\\\/\",\"name\":\"Electricity Human Resources Canada\",\"description\":\"Improving our industry, together.\",\"potentialAction\":[{\"@type\":\"SearchAction\",\"target\":{\"@type\":\"EntryPoint\",\"urlTemplate\":\"https:\\\/\\\/ehrc.ca\\\/?s={search_term_string}\"},\"query-input\":{\"@type\":\"PropertyValueSpecification\",\"valueRequired\":true,\"valueName\":\"search_term_string\"}}],\"inLanguage\":\"fr-FR\"}]}<\/script>\n<!-- \/ Yoast SEO plugin. -->","yoast_head_json":{"title":"Carri\u00e8res chez RHIEC - Electricity Human Resources Canada","description":"RHIEC d\u00e9veloppe la main-d\u2019\u0153uvre du secteur \u00e9lectrique avec des outils, donn\u00e9es et programmes pour un avenir inclusif et r\u00e9silient.","robots":{"index":"index","follow":"follow","max-snippet":"max-snippet:-1","max-image-preview":"max-image-preview:large","max-video-preview":"max-video-preview:-1"},"canonical":"https:\/\/ehrc.ca\/fr\/carrieres\/","og_locale":"fr_FR","og_type":"article","og_title":"Carri\u00e8res chez RHIEC - Electricity Human Resources Canada","og_description":"RHIEC d\u00e9veloppe la main-d\u2019\u0153uvre du secteur \u00e9lectrique avec des outils, donn\u00e9es et programmes pour un avenir inclusif et r\u00e9silient.","og_url":"https:\/\/ehrc.ca\/fr\/carrieres\/","og_site_name":"Electricity Human Resources Canada","article_modified_time":"2026-03-25T19:42:06+00:00","twitter_card":"summary_large_image","schema":{"@context":"https:\/\/schema.org","@graph":[{"@type":"WebPage","@id":"https:\/\/ehrc.ca\/fr\/carrieres\/","url":"https:\/\/ehrc.ca\/fr\/carrieres\/","name":"Carri\u00e8res chez RHIEC - Electricity Human Resources Canada","isPartOf":{"@id":"https:\/\/ehrc.ca\/#website"},"datePublished":"2023-04-19T04:28:51+00:00","dateModified":"2026-03-25T19:42:06+00:00","breadcrumb":{"@id":"https:\/\/ehrc.ca\/fr\/carrieres\/#breadcrumb"},"inLanguage":"fr-FR","potentialAction":[{"@type":"ReadAction","target":["https:\/\/ehrc.ca\/fr\/carrieres\/"]}]},{"@type":"BreadcrumbList","@id":"https:\/\/ehrc.ca\/fr\/carrieres\/#breadcrumb","itemListElement":[{"@type":"ListItem","position":1,"name":"Home","item":"https:\/\/ehrc.ca\/fr\/home\/"},{"@type":"ListItem","position":2,"name":"Carri\u00e8res chez RHIEC"}]},{"@type":"WebSite","@id":"https:\/\/ehrc.ca\/#website","url":"https:\/\/ehrc.ca\/","name":"Electricity Human Resources Canada","description":"Improving our industry, together.","potentialAction":[{"@type":"SearchAction","target":{"@type":"EntryPoint","urlTemplate":"https:\/\/ehrc.ca\/?s={search_term_string}"},"query-input":{"@type":"PropertyValueSpecification","valueRequired":true,"valueName":"search_term_string"}}],"inLanguage":"fr-FR"}]}},"_links":{"self":[{"href":"https:\/\/ehrc.ca\/fr\/wp-json\/wp\/v2\/pages\/47721","targetHints":{"allow":["GET"]}}],"collection":[{"href":"https:\/\/ehrc.ca\/fr\/wp-json\/wp\/v2\/pages"}],"about":[{"href":"https:\/\/ehrc.ca\/fr\/wp-json\/wp\/v2\/types\/page"}],"author":[{"embeddable":true,"href":"https:\/\/ehrc.ca\/fr\/wp-json\/wp\/v2\/users\/3"}],"replies":[{"embeddable":true,"href":"https:\/\/ehrc.ca\/fr\/wp-json\/wp\/v2\/comments?post=47721"}],"version-history":[{"count":22,"href":"https:\/\/ehrc.ca\/fr\/wp-json\/wp\/v2\/pages\/47721\/revisions"}],"predecessor-version":[{"id":55550,"href":"https:\/\/ehrc.ca\/fr\/wp-json\/wp\/v2\/pages\/47721\/revisions\/55550"}],"wp:attachment":[{"href":"https:\/\/ehrc.ca\/fr\/wp-json\/wp\/v2\/media?parent=47721"}],"wp:term":[{"taxonomy":"category","embeddable":true,"href":"https:\/\/ehrc.ca\/fr\/wp-json\/wp\/v2\/categories?post=47721"}],"curies":[{"name":"wp","href":"https:\/\/api.w.org\/{rel}","templated":true}]}}