{"id":47530,"date":"2023-04-10T12:04:12","date_gmt":"2023-04-10T16:04:12","guid":{"rendered":"https:\/\/ehrc-rebuild.paperleaftest.com\/career-development-professional\/"},"modified":"2023-10-25T17:13:43","modified_gmt":"2023-10-25T21:13:43","slug":"career-development-professional","status":"publish","type":"page","link":"https:\/\/ehrc.ca\/fr\/career-development-professional\/","title":{"rendered":"Perfectionnement professionnel"},"content":{"rendered":"","protected":false},"excerpt":{"rendered":"","protected":false},"author":3,"featured_media":0,"parent":0,"menu_order":0,"comment_status":"closed","ping_status":"closed","template":"template-landing-page.php","meta":{"_acf_changed":false,"_relevanssi_hide_post":"","_relevanssi_hide_content":"","_relevanssi_pin_for_all":"","_relevanssi_pin_keywords":"","_relevanssi_unpin_keywords":"","_relevanssi_related_keywords":"","_relevanssi_related_include_ids":"","_relevanssi_related_exclude_ids":"","_relevanssi_related_no_append":"","_relevanssi_related_not_related":"","_relevanssi_related_posts":"","_relevanssi_noindex_reason":"","footnotes":""},"categories":[167,168],"class_list":["post-47530","page","type-page","status-publish","hentry","category-career-development-fr","category-priority-areas-fr"],"acf":{"page_header":{"":null,"description":"RHIEC dispose des ressources n\u00e9cessaires pour vous aider \u00e0 nouer des relations et \u00e0 acqu\u00e9rir des comp\u00e9tences qui vous permettront d\u2019acc\u00e9l\u00e9rer votre carri\u00e8re.","link":null,"image_id":44439,"image_alt_text":"Trois employ\u00e9\u00b7e\u00b7s du secteur de l\u2019\u00e9lectricit\u00e9 discutant devant des \u00e9oliennes la nuit"},"pagebuilder":[{"acf_fc_layout":"content_block","background_colour":"--ehrc-white","heading":"Mentorat","description":"Ressources humaines, industrie \u00e9lectrique du Canada (RHEC) n\u2019est pas une entreprise de recrutement, mais nous sommes des sp\u00e9cialistes de la main-d\u2019\u0153uvre du secteur canadien de l\u2019\u00e9lectricit\u00e9, et nous avons h\u00e2te de vous aider tout au long de votre parcours vers l\u2019obtention d\u2019une carri\u00e8re enrichissante.","rows":[{"acf_fc_layout":"two_columns","column_1":{"type":"text","content":"<h3>Plus de 100 000 personnes travaillent dans le secteur canadien de l\u2019\u00e9lectricit\u00e9!<\/h3>\r\nCertaines d\u2019entre elles travaillent dans la production, le transport et la distribution, d\u2019autres dans l\u2019efficacit\u00e9 \u00e9nerg\u00e9tique, les syst\u00e8mes intelligents, la fabrication et tous les niveaux de la cha\u00eene d\u2019approvisionnement. Il existe de nombreuses voies d\u2019acc\u00e8s \u00e0 ces carri\u00e8res : tout le monde, des entrepreneur\u00b7e\u00b7s autodidactes dans des domaines \u00e9mergents aux ing\u00e9nieur\u00b7e\u00b7s en infrastructures, peut trouver sa place au sein de l\u2019industrie.\r\n<p class=\"body-large\">Pour tirer le meilleur parti de cette communaut\u00e9 diversifi\u00e9e, Ressources humaines, industrie \u00e9lectrique du Canada a cr\u00e9\u00e9 le <a href=\"https:\/\/ehrc.mentorjunction.ca\/fr\">Carrefour des mentors<\/a>, un outil national gratuit qui aide \u00e0 \u00e9tablir des possibilit\u00e9s <span class=\"sel\">de mentorat<\/span> dans le secteur de l\u2019\u00e9lectricit\u00e9. Des programmes et des ressources de soutien vous aideront \u00e0 tirer le maximum de votre exp\u00e9rience de mentorat.<\/p>\r\n<p class=\"button-primary\"><a class=\"link\" href=\"https:\/\/ehrc.mentorjunction.ca\/fr\" target=\"_blank\" rel=\"noopener nofollow\">Visiter le Carrefour des mentors<\/a><\/p>","aspect_ratio":"4:3","visual_accent":false,"":null,"image_id":null,"image_alt_text":""},"column_2":{"type":"image","content":"Content","aspect_ratio":"4_3","visual_accent":true,"":null,"image_id":48813,"image_alt_text":"Site Web du Carrefour des mentors"}}],"custom_navigation_label":"Mentorat"},{"acf_fc_layout":"content_block","background_colour":"--ehrc-white","heading":"Ressources et formations pour les \u00e9l\u00e8ves","description":"Si vous \u00eates \u00e0 la recherche d\u2019une carri\u00e8re ayant une incidence positive sur la vie des gens et sur l\u2019environnement, d\u2019un emploi accessible imm\u00e9diatement apr\u00e8s l\u2019obtention de votre dipl\u00f4me, d\u2019une s\u00e9curit\u00e9 d\u2019emploi, de bons salaires et d\u2019un potentiel d\u2019innovation, alors pensez au secteur de l\u2019\u00e9lectricit\u00e9 et des \u00e9nergies renouvelables.","rows":[{"acf_fc_layout":"two_columns","column_1":{"type":"image","content":"<h3>Content that goes here:<\/h3>\r\n<ul>\r\n \t<li>Links to courses (Professional Skills Training<\/li>\r\n \t<li>Other Education Resources<\/li>\r\n<\/ul>","aspect_ratio":"4_3","visual_accent":true,"":null,"image_id":46634,"image_alt_text":"\u00c9tudiante les bras sur\u00e9lev\u00e9s"},"column_2":{"type":"text","content":"<h3>Par o\u00f9 commencer<\/h3>\r\nSi vous souhaitez explorer les possibilit\u00e9s de carri\u00e8re dans le secteur de l\u2019\u00e9lectricit\u00e9, vous vous demandez peut-\u00eatre par o\u00f9 commencer pour d\u00e9crocher votre premier emploi. Un excellent moyen de vous pr\u00e9parer \u00e0 acqu\u00e9rir les comp\u00e9tences et les informations dont vous avez besoin pour entrer sur le march\u00e9 du travail est de participer \u00e0 des stages d\u2019apprentissage int\u00e9gr\u00e9 au travail (AIT) et \u00e0 des <a href=\"https:\/\/ehrc.mentorjunction.ca\/fr\">programmes de mentorat<\/a>, de perfectionner vos comp\u00e9tences professionnelles et de vous tenir au courant des <a href=\"http:\/\/electricityhr.ca\/fr\/evenements\/\">\u00e9v\u00e9nements de l\u2019industrie<\/a>.","aspect_ratio":"4_3","visual_accent":true,"":null,"image_id":43334,"image_alt_text":"Sunset Electrical Workers"}},{"acf_fc_layout":"two_columns","column_1":{"type":"text","content":"<h4>Apprentissage int\u00e9gr\u00e9 au travail<\/h4>\r\nL\u2019apprentissage int\u00e9gr\u00e9 au travail (AIT) fait r\u00e9f\u00e9rence aux stages coop\u00e9ratifs, aux stages en entreprise, aux stages pratiques et \u00e0 plusieurs autres occasions d\u2019apprentissage de ce type. Les programmes d\u2019AIT offrent la possibilit\u00e9 de gagner de l\u2019argent tout en apprenant. Les participant\u00b7e\u00b7s ont la possibilit\u00e9 de mettre en pratique les comp\u00e9tences acquises en classe, de d\u00e9velopper des comp\u00e9tences professionnelles sur le lieu de travail et d\u2019\u00e9tablir des liens avec des employeur\u00b7euse\u00b7s du secteur.\r\n\r\nLe programme <a href=\"http:\/\/electricityhr.ca\/fr\/programs\/empowering-futures\/\">Impulser l\u2019avenir de RHIEC<\/a> offre une subvention salariale aux entreprises qui offrent des stages d\u2019AIT \u00e0 des \u00e9l\u00e8ves. Si vous avez d\u00e9j\u00e0 obtenu votre dipl\u00f4me, vous pourriez \u00eatre admissible \u00e0 un stage ou \u00e0 une formation dans le cadre du programme <a href=\"http:\/\/electricityhr.ca\/fr\/programs\/discovering-potential-program\/\">D\u00e9couverte de potentiels<\/a>, qui propose des stages \u00e0 dur\u00e9e d\u00e9termin\u00e9e dans le secteur de l\u2019\u00e9lectricit\u00e9 et des \u00e9nergies renouvelables pour les jeunes de moins de 30 ans.\r\n\r\nVous vous demandez comment profiter de ces opportunit\u00e9s? Si votre programme comporte un volet coop\u00e9ratif, commencez par vous adresser au service d\u2019enseignement coop\u00e9ratif de votre \u00e9cole pour en savoir plus sur ses relations existantes avec les entreprises\u00a0du secteur de l\u2019\u00e9lectricit\u00e9 et des \u00e9nergies renouvelables. Le site d\u2019emplois de RHIEC est \u00e9galement une excellente ressource; inscrivez-vous pour consulter des offres d\u2019emploi partout au pays sur une plateforme unique facile d\u2019acc\u00e8s.\r\n<p class=\"button-secondary\"><a class=\"link\" href=\"https:\/\/magnet.whoplusyou.com\/lp\/EHRC\">Parcourir le site d\u2019emplois<\/a><\/p>","aspect_ratio":"4:3","visual_accent":false,"":null,"image_id":null,"image_alt_text":""},"column_2":{"type":"text","content":"<iframe title=\"YouTube video player\" src=\"https:\/\/www.youtube.com\/embed\/IXWyT3YfLuw\" width=\"560\" height=\"315\" frameborder=\"0\" allowfullscreen=\"allowfullscreen\"><\/iframe>","aspect_ratio":"4:3","visual_accent":false,"":null,"image_id":null,"image_alt_text":""}},{"acf_fc_layout":"two_columns","column_1":{"type":"image","content":"","aspect_ratio":"4_3","visual_accent":true,"":null,"image_id":46966,"image_alt_text":"\u00c9l\u00e8ves la main lev\u00e9e"},"column_2":{"type":"text","content":"<h4>Formation sur le perfectionnement des comp\u00e9tences professionnelles<\/h4>\r\nSi les connaissances techniques et sp\u00e9cialis\u00e9es sont essentielles \u00e0 la r\u00e9ussite professionnelle dans le domaine de l\u2019\u00e9lectricit\u00e9, les entreprises recherchent \u00e9galement des candidat\u00b7e\u00b7s qui font preuve d\u2019un niveau \u00e9lev\u00e9 de comp\u00e9tences professionnelles, telles que l\u2019\u00e9coute active, la perception sociale et la collaboration. Prenez le temps de faire le point sur vos comp\u00e9tences professionnelles pendant votre recherche d\u2019emploi gr\u00e2ce aux ressources de RHIEC sur le d\u00e9veloppement et l\u2019application des comp\u00e9tences professionnelles.\r\n<p class=\"button-secondary\"><a class=\"link\" href=\"http:\/\/electricityhr.ca\/fr\/programs\/formation-aux-competences-professionnelles\/\">Explorer les cours offerts<\/a><\/p>","aspect_ratio":"4:3","visual_accent":false,"":null,"image_id":null,"image_alt_text":""}},{"acf_fc_layout":"two_columns","column_1":{"type":"text","content":"<h4>\u00c9v\u00e9nements de l\u2019industrie<\/h4>\r\nDe temps \u00e0 autre, RHIEC organise des \u00e9v\u00e9nements destin\u00e9s aux jeunes. \u00c0 l\u2019automne 2020, nous avons fait \u00e9quipe avec le Conseil canadien de l\u2019\u00e9nergie pour organiser une discussion virtuelle afin d\u2019en apprendre davantage sur les nombreux parcours de carri\u00e8re offerts par le secteur. Regardez l\u2019enregistrement de l\u2019\u00e9v\u00e9nement pour entendre des professionnel\u00b7le\u00b7s de haut niveau et en d\u00e9but de carri\u00e8re travaillant dans un \u00e9ventail de carri\u00e8res au sein du secteur de l\u2019\u00e9nergie. Regardez l\u2019enregistrement de l\u2019\u00e9v\u00e9nement <em>Jumpstart Your Career in Electricity<\/em> maintenant.\r\n<p class=\"button-secondary\"><a class=\"link\" href=\"http:\/\/electricityhr.ca\/fr\/evenements\/\">\u00c9v\u00e9nements \u00e0 venir<\/a><\/p>","aspect_ratio":"4:3","visual_accent":false,"":null,"image_id":null,"image_alt_text":""},"column_2":{"type":"text","content":"<iframe title=\"YouTube video player\" src=\"https:\/\/www.youtube.com\/embed\/Aff7cJ7PbWI?controls=0\" width=\"560\" height=\"315\" frameborder=\"0\" allowfullscreen=\"allowfullscreen\"><\/iframe>","aspect_ratio":"4:3","visual_accent":false,"":null,"image_id":null,"image_alt_text":""}}],"custom_navigation_label":"Ressources et formations pour les \u00e9l\u00e8ves"},{"acf_fc_layout":"content_block","background_colour":"--ehrc-light-grey","heading":"Soutien aux chercheur\u00b7euse\u00b7s d\u2019emploi","description":"Si vous \u00eates \u00e0 la recherche d\u2019une carri\u00e8re ayant une incidence positive sur la vie des gens et sur l\u2019environnement, d\u2019un emploi facilement accessible, d\u2019une s\u00e9curit\u00e9 d\u2019emploi, de bons salaires et d\u2019un potentiel d\u2019innovation, alors pensez au secteur de l\u2019\u00e9lectricit\u00e9 et des \u00e9nergies renouvelables.","rows":[{"acf_fc_layout":"two_columns","column_1":{"type":"text","content":"<h3>Quelles sont les carri\u00e8res dans le secteur de l\u2019\u00e9lectricit\u00e9?<\/h3>\r\nSelon le rapport sur l\u2019information sur le march\u00e9 du travail (IMT) 2017-2022 de RHIEC, le taux d\u2019emploi du secteur devrait conna\u00eetre une hausse de 2 %, ce qui se traduit par un besoin de plus de 20 500 nouveaux\u00b7elles employ\u00e9\u00b7e\u00b7s au cours de cette p\u00e9riode.\r\n\r\nDe la conception \u00e0 la construction en passant par l\u2019ing\u00e9nierie, il existe une grande vari\u00e9t\u00e9 d\u2019emplois dans le secteur qui correspondent \u00e0 vos comp\u00e9tences et \u00e0 vos int\u00e9r\u00eats! Cliquez sur le bouton ci-dessous pour d\u00e9couvrir une s\u00e9lection d\u2019options de carri\u00e8re et en savoir plus sur chacune d\u2019elles.\r\n<p class=\"button-secondary\"><a class=\"link\" href=\"http:\/\/electricityhr.ca\/career-profiles\">Parcourir les profils de carri\u00e8re<\/a><\/p>","aspect_ratio":"4:3","visual_accent":false,"":null,"image_id":null,"image_alt_text":""},"column_2":{"type":"image","content":"","aspect_ratio":"4_3","visual_accent":true,"":null,"image_id":46970,"image_alt_text":"Employ\u00e9\u00b7e\u00b7s du secteur de l\u2019\u00e9lectricit\u00e9 travaillant ensemble devant un panneau de disjoncteurs"}},{"acf_fc_layout":"three_columns","column_1":{"type":"text","content":"<h5>Programmes de mentorat<\/h5>\r\nLe mentorat permet d\u2019acqu\u00e9rir des connaissances d\u2019initi\u00e9\u00b7e\u00b7s et des conseils de carri\u00e8re utiles de la part de professionnel\u00b7le\u00b7s de l\u2019industrie. Les mentor\u00b7e\u00b7s ne peuvent pas vous offrir un emploi, mais ils\u00b7elles peuvent vous accompagner dans le processus de demande d\u2019emploi et peuvent agir en tant que\u00a0personnes de r\u00e9f\u00e9rence. RHIEC aide les futur\u00b7e\u00b7s mentor\u00e9\u00b7e\u00b7s \u00e0 entrer en contact avec des mentor\u00b7e\u00b7s gr\u00e2ce \u00e0 la plateforme <a href=\"https:\/\/ehrc.mentorjunction.ca\/fr\">Carrefour des mentors<\/a>.","aspect_ratio":"4:3","visual_accent":false,"":null,"image_id":null,"image_alt_text":""},"column_2":{"type":"text","content":"<h5>Programmes de subventions salariales<\/h5>\r\nLes programmes de subventions salariales cr\u00e9ent des occasions d\u2019emploi qui ne seraient pas accessibles autrement, en particulier au sein des petites entreprises. <a href=\"http:\/\/electricityhr.ca\/fr\/programs\/discovering-potential-program\/\">Le programme D\u00e9couverte de potentiels de RHIEC peut subventionner des stages ou des formations pour les jeunes dans le sous-secteur de l\u2019\u00e9nergie et des technologies vertes<\/a>. Si vous envisagez d\u2019entrer dans ce sous-secteur innovant, vous devriez en informer votre futur\u00b7e employeur\u00b7euse.","aspect_ratio":"4:3","visual_accent":false,"":null,"image_id":null,"image_alt_text":""},"column_3":{"type":"text","content":"<h5>\u00c9v\u00e9nements organisationnels<\/h5>\r\nLes \u00e9v\u00e9nements organisationnels, tels que les appels \u00e0 l\u2019embauche ou les salons de l\u2019emploi, repr\u00e9sentent l\u2019occasion de vous familiariser avec les options qui s\u2019offrent \u00e0 vous dans le secteur et les attentes des employeur\u00b7euse\u00b7s \u00e0 l\u2019\u00e9gard de leurs futur\u00b7e\u00b7s employ\u00e9\u00b7e\u00b7s. Vous pouvez trouver de tels \u00e9v\u00e9nements sur les sites Web et sur les m\u00e9dias sociaux des entreprises. Pour obtenir des informations sur les \u00e9v\u00e9nements auxquels RHIEC participe, abonnez-vous \u00e0 notre infolettre et suivez-nous sur <a href=\"https:\/\/twitter.com\/electricityHR\">Twitter<\/a>, <a href=\"https:\/\/www.facebook.com\/ElectricityHR\/\">Facebook <\/a>et <a href=\"https:\/\/www.linkedin.com\/company\/electricity-human-resources-canada\/\">LinkedIn<\/a>.","aspect_ratio":"4:3","visual_accent":false,"":null,"image_id":null,"image_alt_text":""}}],"custom_navigation_label":"Soutien aux chercheur\u00b7euse\u00b7s d\u2019emploi"}]},"yoast_head":"<!-- This site is optimized with the Yoast SEO plugin v27.3 - https:\/\/yoast.com\/product\/yoast-seo-wordpress\/ -->\n<title>Perfectionnement professionnel - Electricity Human Resources Canada<\/title>\n<meta name=\"description\" content=\"RHIEC dispose des ressources n\u00e9cessaires pour vous aider \u00e0 nouer des relations et \u00e0 acqu\u00e9rir des comp\u00e9tences qui vous permettront d\u2019acc\u00e9l\u00e9rer votre carri\u00e8re.\" \/>\n<meta name=\"robots\" content=\"index, follow, max-snippet:-1, max-image-preview:large, max-video-preview:-1\" \/>\n<link rel=\"canonical\" href=\"https:\/\/ehrc.ca\/fr\/career-development-professional\/\" \/>\n<meta property=\"og:locale\" content=\"fr_FR\" \/>\n<meta property=\"og:type\" content=\"article\" \/>\n<meta property=\"og:title\" content=\"Perfectionnement professionnel - Electricity Human Resources Canada\" \/>\n<meta property=\"og:description\" content=\"RHIEC dispose des ressources n\u00e9cessaires pour vous aider \u00e0 nouer des relations et \u00e0 acqu\u00e9rir des comp\u00e9tences qui vous permettront d\u2019acc\u00e9l\u00e9rer votre carri\u00e8re.\" \/>\n<meta property=\"og:url\" content=\"https:\/\/ehrc.ca\/fr\/career-development-professional\/\" \/>\n<meta property=\"og:site_name\" content=\"Electricity Human Resources Canada\" \/>\n<meta property=\"article:modified_time\" content=\"2023-10-25T21:13:43+00:00\" \/>\n<meta name=\"twitter:card\" content=\"summary_large_image\" \/>\n<script type=\"application\/ld+json\" class=\"yoast-schema-graph\">{\"@context\":\"https:\\\/\\\/schema.org\",\"@graph\":[{\"@type\":\"WebPage\",\"@id\":\"https:\\\/\\\/ehrc.ca\\\/fr\\\/career-development-professional\\\/\",\"url\":\"https:\\\/\\\/ehrc.ca\\\/fr\\\/career-development-professional\\\/\",\"name\":\"Perfectionnement professionnel - Electricity Human Resources Canada\",\"isPartOf\":{\"@id\":\"https:\\\/\\\/ehrc.ca\\\/#website\"},\"datePublished\":\"2023-04-10T16:04:12+00:00\",\"dateModified\":\"2023-10-25T21:13:43+00:00\",\"breadcrumb\":{\"@id\":\"https:\\\/\\\/ehrc.ca\\\/fr\\\/career-development-professional\\\/#breadcrumb\"},\"inLanguage\":\"fr-FR\",\"potentialAction\":[{\"@type\":\"ReadAction\",\"target\":[\"https:\\\/\\\/ehrc.ca\\\/fr\\\/career-development-professional\\\/\"]}]},{\"@type\":\"BreadcrumbList\",\"@id\":\"https:\\\/\\\/ehrc.ca\\\/fr\\\/career-development-professional\\\/#breadcrumb\",\"itemListElement\":[{\"@type\":\"ListItem\",\"position\":1,\"name\":\"Home\",\"item\":\"https:\\\/\\\/ehrc.ca\\\/fr\\\/home\\\/\"},{\"@type\":\"ListItem\",\"position\":2,\"name\":\"Perfectionnement professionnel\"}]},{\"@type\":\"WebSite\",\"@id\":\"https:\\\/\\\/ehrc.ca\\\/#website\",\"url\":\"https:\\\/\\\/ehrc.ca\\\/\",\"name\":\"Electricity Human Resources Canada\",\"description\":\"Improving our industry, together.\",\"potentialAction\":[{\"@type\":\"SearchAction\",\"target\":{\"@type\":\"EntryPoint\",\"urlTemplate\":\"https:\\\/\\\/ehrc.ca\\\/?s={search_term_string}\"},\"query-input\":{\"@type\":\"PropertyValueSpecification\",\"valueRequired\":true,\"valueName\":\"search_term_string\"}}],\"inLanguage\":\"fr-FR\"}]}<\/script>\n<!-- \/ Yoast SEO plugin. -->","yoast_head_json":{"title":"Perfectionnement professionnel - Electricity Human Resources Canada","description":"RHIEC dispose des ressources n\u00e9cessaires pour vous aider \u00e0 nouer des relations et \u00e0 acqu\u00e9rir des comp\u00e9tences qui vous permettront d\u2019acc\u00e9l\u00e9rer votre carri\u00e8re.","robots":{"index":"index","follow":"follow","max-snippet":"max-snippet:-1","max-image-preview":"max-image-preview:large","max-video-preview":"max-video-preview:-1"},"canonical":"https:\/\/ehrc.ca\/fr\/career-development-professional\/","og_locale":"fr_FR","og_type":"article","og_title":"Perfectionnement professionnel - Electricity Human Resources Canada","og_description":"RHIEC dispose des ressources n\u00e9cessaires pour vous aider \u00e0 nouer des relations et \u00e0 acqu\u00e9rir des comp\u00e9tences qui vous permettront d\u2019acc\u00e9l\u00e9rer votre carri\u00e8re.","og_url":"https:\/\/ehrc.ca\/fr\/career-development-professional\/","og_site_name":"Electricity Human Resources Canada","article_modified_time":"2023-10-25T21:13:43+00:00","twitter_card":"summary_large_image","schema":{"@context":"https:\/\/schema.org","@graph":[{"@type":"WebPage","@id":"https:\/\/ehrc.ca\/fr\/career-development-professional\/","url":"https:\/\/ehrc.ca\/fr\/career-development-professional\/","name":"Perfectionnement professionnel - Electricity Human Resources Canada","isPartOf":{"@id":"https:\/\/ehrc.ca\/#website"},"datePublished":"2023-04-10T16:04:12+00:00","dateModified":"2023-10-25T21:13:43+00:00","breadcrumb":{"@id":"https:\/\/ehrc.ca\/fr\/career-development-professional\/#breadcrumb"},"inLanguage":"fr-FR","potentialAction":[{"@type":"ReadAction","target":["https:\/\/ehrc.ca\/fr\/career-development-professional\/"]}]},{"@type":"BreadcrumbList","@id":"https:\/\/ehrc.ca\/fr\/career-development-professional\/#breadcrumb","itemListElement":[{"@type":"ListItem","position":1,"name":"Home","item":"https:\/\/ehrc.ca\/fr\/home\/"},{"@type":"ListItem","position":2,"name":"Perfectionnement professionnel"}]},{"@type":"WebSite","@id":"https:\/\/ehrc.ca\/#website","url":"https:\/\/ehrc.ca\/","name":"Electricity Human Resources Canada","description":"Improving our industry, together.","potentialAction":[{"@type":"SearchAction","target":{"@type":"EntryPoint","urlTemplate":"https:\/\/ehrc.ca\/?s={search_term_string}"},"query-input":{"@type":"PropertyValueSpecification","valueRequired":true,"valueName":"search_term_string"}}],"inLanguage":"fr-FR"}]}},"_links":{"self":[{"href":"https:\/\/ehrc.ca\/fr\/wp-json\/wp\/v2\/pages\/47530","targetHints":{"allow":["GET"]}}],"collection":[{"href":"https:\/\/ehrc.ca\/fr\/wp-json\/wp\/v2\/pages"}],"about":[{"href":"https:\/\/ehrc.ca\/fr\/wp-json\/wp\/v2\/types\/page"}],"author":[{"embeddable":true,"href":"https:\/\/ehrc.ca\/fr\/wp-json\/wp\/v2\/users\/3"}],"replies":[{"embeddable":true,"href":"https:\/\/ehrc.ca\/fr\/wp-json\/wp\/v2\/comments?post=47530"}],"version-history":[{"count":0,"href":"https:\/\/ehrc.ca\/fr\/wp-json\/wp\/v2\/pages\/47530\/revisions"}],"wp:attachment":[{"href":"https:\/\/ehrc.ca\/fr\/wp-json\/wp\/v2\/media?parent=47530"}],"wp:term":[{"taxonomy":"category","embeddable":true,"href":"https:\/\/ehrc.ca\/fr\/wp-json\/wp\/v2\/categories?post=47530"}],"curies":[{"name":"wp","href":"https:\/\/api.w.org\/{rel}","templated":true}]}}