{"id":44847,"date":"2023-06-27T21:12:38","date_gmt":"2023-06-28T01:12:38","guid":{"rendered":"https:\/\/ehrc-rebuild.paperleaftest.com\/?page_id=44847"},"modified":"2023-09-17T20:45:34","modified_gmt":"2023-09-18T02:45:34","slug":"ali-husnain","status":"publish","type":"page","link":"https:\/\/ehrc.ca\/fr\/ali-husnain\/","title":{"rendered":"G\u00e9nie au service du changement"},"content":{"rendered":"","protected":false},"excerpt":{"rendered":"","protected":false},"author":3,"featured_media":0,"parent":0,"menu_order":0,"comment_status":"closed","ping_status":"closed","template":"page-without-sidebar.php","meta":{"_acf_changed":false,"_relevanssi_hide_post":"","_relevanssi_hide_content":"","_relevanssi_pin_for_all":"","_relevanssi_pin_keywords":"","_relevanssi_unpin_keywords":"","_relevanssi_related_keywords":"","_relevanssi_related_include_ids":"","_relevanssi_related_exclude_ids":"","_relevanssi_related_no_append":"","_relevanssi_related_not_related":"","_relevanssi_related_posts":"","_relevanssi_noindex_reason":"","footnotes":""},"categories":[267],"class_list":["post-44847","page","type-page","status-publish","hentry","category-career-profile-2023-fr"],"acf":{"page_header":{"":null,"description":"Ali - Ing\u00e9nieur de recherche chez Growler Energy","link":null,"image_id":null,"image_alt_text":""},"pagebuilder":[{"acf_fc_layout":"video","heading":"Ali - Ing\u00e9nieur de recherche chez Growler Energy","description":"Ali est un ing\u00e9nieur de recherche engag\u00e9 dans une d\u00e9marche de changements au sein de l\u2019industrie de l\u2019\u00e9nergie. En se concentrant sur le stockage de l\u2019hydrog\u00e8ne et les consid\u00e9rations environnementales, il collabore avec les communaut\u00e9s, ouvrant ainsi la voie \u00e0 un avenir plus propre. Prenant \u00e0 bras-le-corps le d\u00e9fi du changement climatique, Ali fait conna\u00eetre les nouvelles technologies et les meilleures id\u00e9es n\u00e9cessaires \u00e0 la mise en place d\u2019un cadre \u00e9nerg\u00e9tique durable et en constante \u00e9volution.","url":"https:\/\/youtu.be\/vCAPivyQuJM","transcript":"N\/A (Not Available)","custom_navigation_label":""},{"acf_fc_layout":"content_block","background_colour":"--ehrc-light-grey","heading":"About the Greening a Generation Program","description":"","rows":[{"acf_fc_layout":"two_columns","column_1":{"type":"text","content":"<p class=\"body-large\">As part of its mission to strengthen the ability of the Canadian electricity industry in meeting the current and future needs of its workforce, EHRC is committed to implementing an educational, creative, and engaging program that will help elevate renewable and non-GHG-emitting energy within the national consciousness.<\/p>\r\nFocused on engaging all Canadians, and in particular young Canadians, EHRC\u2019s\u00a0<em>Greening a Generation<\/em>\u00a0project will highlight electricity\u2019s importance in our energy sector in addition to providing a guideline as to how the electricity industry will be available to young Canadians as a vehicle to address key issues as well as we provide career opportunities in the electricity and renewable energy sector for years to come.","aspect_ratio":"4:3","visual_accent":false,"":null,"image_id":null,"image_alt_text":""},"column_2":{"type":"image","content":"","aspect_ratio":"4_3","visual_accent":true,"":null,"image_id":44685,"image_alt_text":"Engineers standing on a platform below a large white wind turbine"}}],"custom_navigation_label":""},{"acf_fc_layout":"call-to-action","background_colour":"--ehrc-light-navy","heading":"Get Started Now","emphasized_text":"Find a rewarding career in the electricity industry","content":"<p style=\"font-weight: 400;\">Embark in an electrifying journey across Canada\u2019s career landscape \u2013 increasing exposure and excitement in STEM and electricity careers, fueling passion for a brighter future and a world-class workforce.<\/p>","link":{"title":"Explore Careers","url":"http:\/\/electricityhr.ca\/career-profiles\/","target":""},"link_2":null,"image_id":44688,"image_alt_text":"Wind turbines and solar panels farm in a field. ","custom_navigation_label":""}]},"yoast_head":"<!-- This site is optimized with the Yoast SEO plugin v27.2 - https:\/\/yoast.com\/product\/yoast-seo-wordpress\/ -->\n<title>G\u00e9nie au service du changement - Electricity Human Resources Canada<\/title>\n<meta name=\"description\" content=\"Ali - Ing\u00e9nieur de recherche chez Growler Energy\" \/>\n<meta name=\"robots\" content=\"index, follow, max-snippet:-1, max-image-preview:large, max-video-preview:-1\" \/>\n<link rel=\"canonical\" href=\"https:\/\/ehrc.ca\/fr\/ali-husnain\/\" \/>\n<meta property=\"og:locale\" content=\"fr_FR\" \/>\n<meta property=\"og:type\" content=\"article\" \/>\n<meta property=\"og:title\" content=\"G\u00e9nie au service du changement - Electricity Human Resources Canada\" \/>\n<meta property=\"og:description\" content=\"Ali - Ing\u00e9nieur de recherche chez Growler Energy\" \/>\n<meta property=\"og:url\" content=\"https:\/\/ehrc.ca\/fr\/ali-husnain\/\" \/>\n<meta property=\"og:site_name\" content=\"Electricity Human Resources Canada\" \/>\n<meta property=\"article:modified_time\" content=\"2023-09-18T02:45:34+00:00\" \/>\n<meta name=\"twitter:card\" content=\"summary_large_image\" \/>\n<script type=\"application\/ld+json\" class=\"yoast-schema-graph\">{\"@context\":\"https:\/\/schema.org\",\"@graph\":[{\"@type\":\"WebPage\",\"@id\":\"https:\/\/ehrc.ca\/fr\/ali-husnain\/\",\"url\":\"https:\/\/ehrc.ca\/fr\/ali-husnain\/\",\"name\":\"G\u00e9nie au service du changement - Electricity Human Resources Canada\",\"isPartOf\":{\"@id\":\"https:\/\/ehrc.ca\/#website\"},\"datePublished\":\"2023-06-28T01:12:38+00:00\",\"dateModified\":\"2023-09-18T02:45:34+00:00\",\"breadcrumb\":{\"@id\":\"https:\/\/ehrc.ca\/fr\/ali-husnain\/#breadcrumb\"},\"inLanguage\":\"fr-FR\",\"potentialAction\":[{\"@type\":\"ReadAction\",\"target\":[\"https:\/\/ehrc.ca\/fr\/ali-husnain\/\"]}]},{\"@type\":\"BreadcrumbList\",\"@id\":\"https:\/\/ehrc.ca\/fr\/ali-husnain\/#breadcrumb\",\"itemListElement\":[{\"@type\":\"ListItem\",\"position\":1,\"name\":\"Home\",\"item\":\"https:\/\/ehrc.ca\/fr\/home\/\"},{\"@type\":\"ListItem\",\"position\":2,\"name\":\"G\u00e9nie au service du changement\"}]},{\"@type\":\"WebSite\",\"@id\":\"https:\/\/ehrc.ca\/#website\",\"url\":\"https:\/\/ehrc.ca\/\",\"name\":\"Electricity Human Resources Canada\",\"description\":\"Improving our industry, together.\",\"potentialAction\":[{\"@type\":\"SearchAction\",\"target\":{\"@type\":\"EntryPoint\",\"urlTemplate\":\"https:\/\/ehrc.ca\/?s={search_term_string}\"},\"query-input\":{\"@type\":\"PropertyValueSpecification\",\"valueRequired\":true,\"valueName\":\"search_term_string\"}}],\"inLanguage\":\"fr-FR\"}]}<\/script>\n<!-- \/ Yoast SEO plugin. -->","yoast_head_json":{"title":"G\u00e9nie au service du changement - Electricity Human Resources Canada","description":"Ali - Ing\u00e9nieur de recherche chez Growler Energy","robots":{"index":"index","follow":"follow","max-snippet":"max-snippet:-1","max-image-preview":"max-image-preview:large","max-video-preview":"max-video-preview:-1"},"canonical":"https:\/\/ehrc.ca\/fr\/ali-husnain\/","og_locale":"fr_FR","og_type":"article","og_title":"G\u00e9nie au service du changement - Electricity Human Resources Canada","og_description":"Ali - Ing\u00e9nieur de recherche chez Growler Energy","og_url":"https:\/\/ehrc.ca\/fr\/ali-husnain\/","og_site_name":"Electricity Human Resources Canada","article_modified_time":"2023-09-18T02:45:34+00:00","twitter_card":"summary_large_image","schema":{"@context":"https:\/\/schema.org","@graph":[{"@type":"WebPage","@id":"https:\/\/ehrc.ca\/fr\/ali-husnain\/","url":"https:\/\/ehrc.ca\/fr\/ali-husnain\/","name":"G\u00e9nie au service du changement - Electricity Human Resources Canada","isPartOf":{"@id":"https:\/\/ehrc.ca\/#website"},"datePublished":"2023-06-28T01:12:38+00:00","dateModified":"2023-09-18T02:45:34+00:00","breadcrumb":{"@id":"https:\/\/ehrc.ca\/fr\/ali-husnain\/#breadcrumb"},"inLanguage":"fr-FR","potentialAction":[{"@type":"ReadAction","target":["https:\/\/ehrc.ca\/fr\/ali-husnain\/"]}]},{"@type":"BreadcrumbList","@id":"https:\/\/ehrc.ca\/fr\/ali-husnain\/#breadcrumb","itemListElement":[{"@type":"ListItem","position":1,"name":"Home","item":"https:\/\/ehrc.ca\/fr\/home\/"},{"@type":"ListItem","position":2,"name":"G\u00e9nie au service du changement"}]},{"@type":"WebSite","@id":"https:\/\/ehrc.ca\/#website","url":"https:\/\/ehrc.ca\/","name":"Electricity Human Resources Canada","description":"Improving our industry, together.","potentialAction":[{"@type":"SearchAction","target":{"@type":"EntryPoint","urlTemplate":"https:\/\/ehrc.ca\/?s={search_term_string}"},"query-input":{"@type":"PropertyValueSpecification","valueRequired":true,"valueName":"search_term_string"}}],"inLanguage":"fr-FR"}]}},"_links":{"self":[{"href":"https:\/\/ehrc.ca\/fr\/wp-json\/wp\/v2\/pages\/44847","targetHints":{"allow":["GET"]}}],"collection":[{"href":"https:\/\/ehrc.ca\/fr\/wp-json\/wp\/v2\/pages"}],"about":[{"href":"https:\/\/ehrc.ca\/fr\/wp-json\/wp\/v2\/types\/page"}],"author":[{"embeddable":true,"href":"https:\/\/ehrc.ca\/fr\/wp-json\/wp\/v2\/users\/3"}],"replies":[{"embeddable":true,"href":"https:\/\/ehrc.ca\/fr\/wp-json\/wp\/v2\/comments?post=44847"}],"version-history":[{"count":0,"href":"https:\/\/ehrc.ca\/fr\/wp-json\/wp\/v2\/pages\/44847\/revisions"}],"wp:attachment":[{"href":"https:\/\/ehrc.ca\/fr\/wp-json\/wp\/v2\/media?parent=44847"}],"wp:term":[{"taxonomy":"category","embeddable":true,"href":"https:\/\/ehrc.ca\/fr\/wp-json\/wp\/v2\/categories?post=44847"}],"curies":[{"name":"wp","href":"https:\/\/api.w.org\/{rel}","templated":true}]}}